{"id":31,"date":"2023-06-15T12:58:51","date_gmt":"2023-06-15T10:58:51","guid":{"rendered":"https:\/\/pp66.hu\/?page_id=31"},"modified":"2023-07-25T13:02:19","modified_gmt":"2023-07-25T11:02:19","slug":"kapcsolat","status":"publish","type":"page","link":"https:\/\/pp66.hu\/en\/kapcsolat\/","title":{"rendered":"Kapcsolat"},"content":{"rendered":"<div data-elementor-type=\"wp-page\" data-elementor-id=\"31\" class=\"elementor elementor-31\" data-elementor-post-type=\"page\">\n\t\t\t\t\t\t<section class=\"elementor-section elementor-top-section elementor-element elementor-element-d88e833 elementor-section-boxed elementor-section-height-default elementor-section-height-default\" data-id=\"d88e833\" data-element_type=\"section\">\n\t\t\t\t\t\t<div class=\"elementor-container elementor-column-gap-default\">\n\t\t\t\t\t<div class=\"elementor-column elementor-col-100 elementor-top-column elementor-element elementor-element-27a7264\" data-id=\"27a7264\" data-element_type=\"column\">\n\t\t\t<div class=\"elementor-widget-wrap\">\n\t\t\t\t\t\t\t<\/div>\n\t\t<\/div>\n\t\t\t\t\t<\/div>\n\t\t<\/section>\n\t\t\t\t<section class=\"elementor-section elementor-top-section elementor-element elementor-element-643ebdd elementor-section-boxed elementor-section-height-default elementor-section-height-default\" data-id=\"643ebdd\" data-element_type=\"section\">\n\t\t\t\t\t\t<div class=\"elementor-container elementor-column-gap-default\">\n\t\t\t\t\t<div class=\"elementor-column elementor-col-100 elementor-top-column elementor-element elementor-element-babcd46\" data-id=\"babcd46\" data-element_type=\"column\">\n\t\t\t<div class=\"elementor-widget-wrap elementor-element-populated\">\n\t\t\t\t\t\t<div class=\"elementor-element elementor-element-50c2e31 elementor-widget elementor-widget-heading\" data-id=\"50c2e31\" data-element_type=\"widget\" data-widget_type=\"heading.default\">\n\t\t\t\t<div class=\"elementor-widget-container\">\n\t\t\t<h2 class=\"elementor-heading-title elementor-size-default\"><b>C\u00e9ginform\u00e1ci\u00f3<\/b><\/h2>\t\t<\/div>\n\t\t\t\t<\/div>\n\t\t\t\t<div class=\"elementor-element elementor-element-bc7fb3f elementor-icon-list--layout-traditional elementor-list-item-link-full_width elementor-widget elementor-widget-icon-list\" data-id=\"bc7fb3f\" data-element_type=\"widget\" data-widget_type=\"icon-list.default\">\n\t\t\t\t<div class=\"elementor-widget-container\">\n\t\t\t\t\t<ul class=\"elementor-icon-list-items\">\n\t\t\t\t\t\t\t<li class=\"elementor-icon-list-item\">\n\t\t\t\t\t\t\t\t\t\t\t<span class=\"elementor-icon-list-icon\">\n\t\t\t\t\t\t\t<i aria-hidden=\"true\" class=\"fas fa-circle\"><\/i>\t\t\t\t\t\t<\/span>\n\t\t\t\t\t\t\t\t\t\t<span class=\"elementor-icon-list-text\"><b>C\u00e9gn\u00e9v<\/b>: Pannon Pakk 66 Sz\u00e1ll\u00edt\u00f3, K\u00f6lt\u00f6ztet\u0151 \u00e9s Szolg\u00e1ltat\u00f3 Kft.<\/span>\n\t\t\t\t\t\t\t\t\t<\/li>\n\t\t\t\t\t\t\t\t<li class=\"elementor-icon-list-item\">\n\t\t\t\t\t\t\t\t\t\t\t<span class=\"elementor-icon-list-icon\">\n\t\t\t\t\t\t\t<i aria-hidden=\"true\" class=\"fas fa-circle\"><\/i>\t\t\t\t\t\t<\/span>\n\t\t\t\t\t\t\t\t\t\t<span class=\"elementor-icon-list-text\"><b>Sz\u00e9khely, post\u00e1z\u00e1si c\u00edm<\/b>: 6725 Szeged, Veres\u00e1cs u. 29. (Ezen a c\u00edmen nem tartunk \u00fcgyf\u00e9lfogad\u00e1st.)<\/span>\n\t\t\t\t\t\t\t\t\t<\/li>\n\t\t\t\t\t\t\t\t<li class=\"elementor-icon-list-item\">\n\t\t\t\t\t\t\t\t\t\t\t<span class=\"elementor-icon-list-icon\">\n\t\t\t\t\t\t\t<i aria-hidden=\"true\" class=\"fas fa-circle\"><\/i>\t\t\t\t\t\t<\/span>\n\t\t\t\t\t\t\t\t\t\t<span class=\"elementor-icon-list-text\"><b>Telephely, iroda,  kont\u00e9nerrakt\u00e1r<\/b>: 6724 Szeged, V\u00e1s\u00e1rhelyi P\u00e1l \u00fat 13. (Az irod\u00e1nk az Autent Udvar ipartelepen bel\u00fcl tal\u00e1lhat\u00f3. )<\/span>\n\t\t\t\t\t\t\t\t\t<\/li>\n\t\t\t\t\t\t\t\t<li class=\"elementor-icon-list-item\">\n\t\t\t\t\t\t\t\t\t\t\t<span class=\"elementor-icon-list-icon\">\n\t\t\t\t\t\t\t<i aria-hidden=\"true\" class=\"fas fa-circle\"><\/i>\t\t\t\t\t\t<\/span>\n\t\t\t\t\t\t\t\t\t\t<span class=\"elementor-icon-list-text\"><b>Nyitvatart\u00e1s \u00e9s \u00fcgyf\u00e9lfogad\u00e1s<\/b>: el\u0151zetes telefonos egyeztet\u00e9s alapj\u00e1n.<\/span>\n\t\t\t\t\t\t\t\t\t<\/li>\n\t\t\t\t\t\t\t\t<li class=\"elementor-icon-list-item\">\n\t\t\t\t\t\t\t\t\t\t\t<span class=\"elementor-icon-list-icon\">\n\t\t\t\t\t\t\t<i aria-hidden=\"true\" class=\"fas fa-circle\"><\/i>\t\t\t\t\t\t<\/span>\n\t\t\t\t\t\t\t\t\t\t<span class=\"elementor-icon-list-text\"><b>Telefon:<\/b> 06 (70) 595-5558<\/span>\n\t\t\t\t\t\t\t\t\t<\/li>\n\t\t\t\t\t\t\t\t<li class=\"elementor-icon-list-item\">\n\t\t\t\t\t\t\t\t\t\t\t<span class=\"elementor-icon-list-icon\">\n\t\t\t\t\t\t\t<i aria-hidden=\"true\" class=\"fas fa-circle\"><\/i>\t\t\t\t\t\t<\/span>\n\t\t\t\t\t\t\t\t\t\t<span class=\"elementor-icon-list-text\"><b>E\u2013mail<\/b>: info@pannonpakk66.hu<\/span>\n\t\t\t\t\t\t\t\t\t<\/li>\n\t\t\t\t\t\t\t\t<li class=\"elementor-icon-list-item\">\n\t\t\t\t\t\t\t\t\t\t\t<span class=\"elementor-icon-list-icon\">\n\t\t\t\t\t\t\t<i aria-hidden=\"true\" class=\"fas fa-circle\"><\/i>\t\t\t\t\t\t<\/span>\n\t\t\t\t\t\t\t\t\t\t<span class=\"elementor-icon-list-text\"><b>Web<\/b>: www.pannonpakk66.hu<\/span>\n\t\t\t\t\t\t\t\t\t<\/li>\n\t\t\t\t\t\t\t\t<li class=\"elementor-icon-list-item\">\n\t\t\t\t\t\t\t\t\t\t\t<span class=\"elementor-icon-list-icon\">\n\t\t\t\t\t\t\t<i aria-hidden=\"true\" class=\"fas fa-circle\"><\/i>\t\t\t\t\t\t<\/span>\n\t\t\t\t\t\t\t\t\t\t<span class=\"elementor-icon-list-text\"><b>Ad\u00f3sz\u00e1m<\/b>: 14332096-2-06<\/span>\n\t\t\t\t\t\t\t\t\t<\/li>\n\t\t\t\t\t\t\t\t<li class=\"elementor-icon-list-item\">\n\t\t\t\t\t\t\t\t\t\t\t<span class=\"elementor-icon-list-icon\">\n\t\t\t\t\t\t\t<i aria-hidden=\"true\" class=\"fas fa-circle\"><\/i>\t\t\t\t\t\t<\/span>\n\t\t\t\t\t\t\t\t\t\t<span class=\"elementor-icon-list-text\"><b>C\u00e9gjegyz\u00e9ksz\u00e1m<\/b>: 0609012537<\/span>\n\t\t\t\t\t\t\t\t\t<\/li>\n\t\t\t\t\t\t\t\t<li class=\"elementor-icon-list-item\">\n\t\t\t\t\t\t\t\t\t\t\t<span class=\"elementor-icon-list-icon\">\n\t\t\t\t\t\t\t<i aria-hidden=\"true\" class=\"fas fa-circle\"><\/i>\t\t\t\t\t\t<\/span>\n\t\t\t\t\t\t\t\t\t\t<span class=\"elementor-icon-list-text\"><b>KSH sz\u00e1m<\/b>: 14332096-4941-113-06<\/span>\n\t\t\t\t\t\t\t\t\t<\/li>\n\t\t\t\t\t\t\t\t<li class=\"elementor-icon-list-item\">\n\t\t\t\t\t\t\t\t\t\t\t<span class=\"elementor-icon-list-icon\">\n\t\t\t\t\t\t\t<i aria-hidden=\"true\" class=\"fas fa-circle\"><\/i>\t\t\t\t\t\t<\/span>\n\t\t\t\t\t\t\t\t\t\t<span class=\"elementor-icon-list-text\"><b>Banksz\u00e1mlasz\u00e1m<\/b>: MBH Bank Nyrt. 57100010-15364586<\/span>\n\t\t\t\t\t\t\t\t\t<\/li>\n\t\t\t\t\t\t<\/ul>\n\t\t\t\t<\/div>\n\t\t\t\t<\/div>\n\t\t\t\t\t<\/div>\n\t\t<\/div>\n\t\t\t\t\t<\/div>\n\t\t<\/section>\n\t\t\t\t<\/div>","protected":false},"excerpt":{"rendered":"<p>C\u00e9ginform\u00e1ci\u00f3 C\u00e9gn\u00e9v: Pannon Pakk 66 Sz\u00e1ll\u00edt\u00f3, K\u00f6lt\u00f6ztet\u0151 \u00e9s Szolg\u00e1ltat\u00f3 Kft. Sz\u00e9khely, post\u00e1z\u00e1si c\u00edm: 6725 Szeged, Veres\u00e1cs u. 29. (Ezen a c\u00edmen nem tartunk \u00fcgyf\u00e9lfogad\u00e1st.) Telephely, iroda, kont\u00e9nerrakt\u00e1r: 6724 Szeged, V\u00e1s\u00e1rhelyi P\u00e1l \u00fat 13. (Az irod\u00e1nk az Autent Udvar ipartelepen bel\u00fcl tal\u00e1lhat\u00f3. ) Nyitvatart\u00e1s \u00e9s \u00fcgyf\u00e9lfogad\u00e1s: el\u0151zetes telefonos egyeztet\u00e9s alapj\u00e1n. Telefon: 06 (70) 595-5558 E\u2013mail: info@pannonpakk66.hu [&hellip;]<\/p>","protected":false},"author":3,"featured_media":0,"parent":0,"menu_order":0,"comment_status":"closed","ping_status":"closed","template":"","meta":{"footnotes":""},"class_list":["post-31","page","type-page","status-publish","hentry"],"yoast_head":"<!-- This site is optimized with the Yoast SEO plugin v23.6 - https:\/\/yoast.com\/wordpress\/plugins\/seo\/ -->\n<title>Kapcsolat - Pannon Pakk 66 Kft.<\/title>\n<meta name=\"robots\" content=\"noindex, follow, max-snippet:-1, max-image-preview:large, max-video-preview:-1\" \/>\n<meta property=\"og:locale\" content=\"en_GB\" \/>\n<meta property=\"og:type\" content=\"article\" \/>\n<meta property=\"og:title\" content=\"Kapcsolat - Pannon Pakk 66 Kft.\" \/>\n<meta property=\"og:description\" content=\"C\u00e9ginform\u00e1ci\u00f3 C\u00e9gn\u00e9v: Pannon Pakk 66 Sz\u00e1ll\u00edt\u00f3, K\u00f6lt\u00f6ztet\u0151 \u00e9s Szolg\u00e1ltat\u00f3 Kft. Sz\u00e9khely, post\u00e1z\u00e1si c\u00edm: 6725 Szeged, Veres\u00e1cs u. 29. (Ezen a c\u00edmen nem tartunk \u00fcgyf\u00e9lfogad\u00e1st.) Telephely, iroda, kont\u00e9nerrakt\u00e1r: 6724 Szeged, V\u00e1s\u00e1rhelyi P\u00e1l \u00fat 13. (Az irod\u00e1nk az Autent Udvar ipartelepen bel\u00fcl tal\u00e1lhat\u00f3. ) Nyitvatart\u00e1s \u00e9s \u00fcgyf\u00e9lfogad\u00e1s: el\u0151zetes telefonos egyeztet\u00e9s alapj\u00e1n. Telefon: 06 (70) 595-5558 E\u2013mail: info@pannonpakk66.hu [&hellip;]\" \/>\n<meta property=\"og:url\" content=\"https:\/\/pp66.hu\/en\/kapcsolat\/\" \/>\n<meta property=\"og:site_name\" content=\"Pannon Pakk 66 Kft.\" \/>\n<meta property=\"article:modified_time\" content=\"2023-07-25T11:02:19+00:00\" \/>\n<meta name=\"twitter:card\" content=\"summary_large_image\" \/>\n<meta name=\"twitter:label1\" content=\"Estimated reading time\" \/>\n\t<meta name=\"twitter:data1\" content=\"1 minute\" \/>\n<script type=\"application\/ld+json\" class=\"yoast-schema-graph\">{\"@context\":\"https:\/\/schema.org\",\"@graph\":[{\"@type\":\"WebPage\",\"@id\":\"https:\/\/pp66.hu\/kapcsolat\/\",\"url\":\"https:\/\/pp66.hu\/kapcsolat\/\",\"name\":\"Kapcsolat - Pannon Pakk 66 Kft.\",\"isPartOf\":{\"@id\":\"https:\/\/pp66.hu\/#website\"},\"datePublished\":\"2023-06-15T10:58:51+00:00\",\"dateModified\":\"2023-07-25T11:02:19+00:00\",\"breadcrumb\":{\"@id\":\"https:\/\/pp66.hu\/kapcsolat\/#breadcrumb\"},\"inLanguage\":\"en-GB\",\"potentialAction\":[{\"@type\":\"ReadAction\",\"target\":[\"https:\/\/pp66.hu\/kapcsolat\/\"]}]},{\"@type\":\"BreadcrumbList\",\"@id\":\"https:\/\/pp66.hu\/kapcsolat\/#breadcrumb\",\"itemListElement\":[{\"@type\":\"ListItem\",\"position\":1,\"name\":\"Kezd\u0151lap\",\"item\":\"https:\/\/pp66.hu\/\"},{\"@type\":\"ListItem\",\"position\":2,\"name\":\"Kapcsolat\"}]},{\"@type\":\"WebSite\",\"@id\":\"https:\/\/pp66.hu\/#website\",\"url\":\"https:\/\/pp66.hu\/\",\"name\":\"Pannon Pakk 66 Kft.\",\"description\":\"K\u00f6lt\u00f6ztet\u00e9s - B\u00fatorsz\u00e1ll\u00edt\u00e1s - Rakt\u00e1roz\u00e1s - Szeged\",\"publisher\":{\"@id\":\"https:\/\/pp66.hu\/#organization\"},\"potentialAction\":[{\"@type\":\"SearchAction\",\"target\":{\"@type\":\"EntryPoint\",\"urlTemplate\":\"https:\/\/pp66.hu\/?s={search_term_string}\"},\"query-input\":{\"@type\":\"PropertyValueSpecification\",\"valueRequired\":true,\"valueName\":\"search_term_string\"}}],\"inLanguage\":\"en-GB\"},{\"@type\":\"Organization\",\"@id\":\"https:\/\/pp66.hu\/#organization\",\"name\":\"Pannon Pakk 66 Kft.\",\"url\":\"https:\/\/pp66.hu\/\",\"logo\":{\"@type\":\"ImageObject\",\"inLanguage\":\"en-GB\",\"@id\":\"https:\/\/pp66.hu\/#\/schema\/logo\/image\/\",\"url\":\"https:\/\/pp66.hu\/wp-content\/uploads\/2023\/06\/logo4-1.png\",\"contentUrl\":\"https:\/\/pp66.hu\/wp-content\/uploads\/2023\/06\/logo4-1.png\",\"width\":350,\"height\":100,\"caption\":\"Pannon Pakk 66 Kft.\"},\"image\":{\"@id\":\"https:\/\/pp66.hu\/#\/schema\/logo\/image\/\"}}]}<\/script>\n<!-- \/ Yoast SEO plugin. -->","yoast_head_json":{"title":"Kapcsolat - Pannon Pakk 66 Kft.","robots":{"index":"noindex","follow":"follow","max-snippet":"max-snippet:-1","max-image-preview":"max-image-preview:large","max-video-preview":"max-video-preview:-1"},"og_locale":"en_GB","og_type":"article","og_title":"Kapcsolat - Pannon Pakk 66 Kft.","og_description":"C\u00e9ginform\u00e1ci\u00f3 C\u00e9gn\u00e9v: Pannon Pakk 66 Sz\u00e1ll\u00edt\u00f3, K\u00f6lt\u00f6ztet\u0151 \u00e9s Szolg\u00e1ltat\u00f3 Kft. Sz\u00e9khely, post\u00e1z\u00e1si c\u00edm: 6725 Szeged, Veres\u00e1cs u. 29. (Ezen a c\u00edmen nem tartunk \u00fcgyf\u00e9lfogad\u00e1st.) Telephely, iroda, kont\u00e9nerrakt\u00e1r: 6724 Szeged, V\u00e1s\u00e1rhelyi P\u00e1l \u00fat 13. (Az irod\u00e1nk az Autent Udvar ipartelepen bel\u00fcl tal\u00e1lhat\u00f3. ) Nyitvatart\u00e1s \u00e9s \u00fcgyf\u00e9lfogad\u00e1s: el\u0151zetes telefonos egyeztet\u00e9s alapj\u00e1n. Telefon: 06 (70) 595-5558 E\u2013mail: info@pannonpakk66.hu [&hellip;]","og_url":"https:\/\/pp66.hu\/en\/kapcsolat\/","og_site_name":"Pannon Pakk 66 Kft.","article_modified_time":"2023-07-25T11:02:19+00:00","twitter_card":"summary_large_image","twitter_misc":{"Estimated reading time":"1 minute"},"schema":{"@context":"https:\/\/schema.org","@graph":[{"@type":"WebPage","@id":"https:\/\/pp66.hu\/kapcsolat\/","url":"https:\/\/pp66.hu\/kapcsolat\/","name":"Kapcsolat - Pannon Pakk 66 Kft.","isPartOf":{"@id":"https:\/\/pp66.hu\/#website"},"datePublished":"2023-06-15T10:58:51+00:00","dateModified":"2023-07-25T11:02:19+00:00","breadcrumb":{"@id":"https:\/\/pp66.hu\/kapcsolat\/#breadcrumb"},"inLanguage":"en-GB","potentialAction":[{"@type":"ReadAction","target":["https:\/\/pp66.hu\/kapcsolat\/"]}]},{"@type":"BreadcrumbList","@id":"https:\/\/pp66.hu\/kapcsolat\/#breadcrumb","itemListElement":[{"@type":"ListItem","position":1,"name":"Kezd\u0151lap","item":"https:\/\/pp66.hu\/"},{"@type":"ListItem","position":2,"name":"Kapcsolat"}]},{"@type":"WebSite","@id":"https:\/\/pp66.hu\/#website","url":"https:\/\/pp66.hu\/","name":"Pannon Pakk 66 Kft.","description":"K\u00f6lt\u00f6ztet\u00e9s - B\u00fatorsz\u00e1ll\u00edt\u00e1s - Rakt\u00e1roz\u00e1s - Szeged","publisher":{"@id":"https:\/\/pp66.hu\/#organization"},"potentialAction":[{"@type":"SearchAction","target":{"@type":"EntryPoint","urlTemplate":"https:\/\/pp66.hu\/?s={search_term_string}"},"query-input":{"@type":"PropertyValueSpecification","valueRequired":true,"valueName":"search_term_string"}}],"inLanguage":"en-GB"},{"@type":"Organization","@id":"https:\/\/pp66.hu\/#organization","name":"Pannon Pakk 66 Kft.","url":"https:\/\/pp66.hu\/","logo":{"@type":"ImageObject","inLanguage":"en-GB","@id":"https:\/\/pp66.hu\/#\/schema\/logo\/image\/","url":"https:\/\/pp66.hu\/wp-content\/uploads\/2023\/06\/logo4-1.png","contentUrl":"https:\/\/pp66.hu\/wp-content\/uploads\/2023\/06\/logo4-1.png","width":350,"height":100,"caption":"Pannon Pakk 66 Kft."},"image":{"@id":"https:\/\/pp66.hu\/#\/schema\/logo\/image\/"}}]}},"_links":{"self":[{"href":"https:\/\/pp66.hu\/en\/wp-json\/wp\/v2\/pages\/31","targetHints":{"allow":["GET"]}}],"collection":[{"href":"https:\/\/pp66.hu\/en\/wp-json\/wp\/v2\/pages"}],"about":[{"href":"https:\/\/pp66.hu\/en\/wp-json\/wp\/v2\/types\/page"}],"author":[{"embeddable":true,"href":"https:\/\/pp66.hu\/en\/wp-json\/wp\/v2\/users\/3"}],"replies":[{"embeddable":true,"href":"https:\/\/pp66.hu\/en\/wp-json\/wp\/v2\/comments?post=31"}],"version-history":[{"count":4,"href":"https:\/\/pp66.hu\/en\/wp-json\/wp\/v2\/pages\/31\/revisions"}],"predecessor-version":[{"id":442,"href":"https:\/\/pp66.hu\/en\/wp-json\/wp\/v2\/pages\/31\/revisions\/442"}],"wp:attachment":[{"href":"https:\/\/pp66.hu\/en\/wp-json\/wp\/v2\/media?parent=31"}],"curies":[{"name":"wp","href":"https:\/\/api.w.org\/{rel}","templated":true}]}}