{"id":33,"date":"2023-06-15T12:59:12","date_gmt":"2023-06-15T10:59:12","guid":{"rendered":"https:\/\/pp66.hu\/?page_id=33"},"modified":"2023-07-27T12:30:43","modified_gmt":"2023-07-27T10:30:43","slug":"blog","status":"publish","type":"page","link":"https:\/\/pp66.hu\/en\/blog\/","title":{"rendered":"Blog"},"content":{"rendered":"<div data-elementor-type=\"wp-page\" data-elementor-id=\"33\" class=\"elementor elementor-33\" data-elementor-post-type=\"page\">\n\t\t\t\t\t\t<section class=\"elementor-section elementor-top-section elementor-element elementor-element-6dd1dab elementor-section-boxed elementor-section-height-default elementor-section-height-default\" data-id=\"6dd1dab\" data-element_type=\"section\">\n\t\t\t\t\t\t<div class=\"elementor-container elementor-column-gap-default\">\n\t\t\t\t\t<div class=\"elementor-column elementor-col-100 elementor-top-column elementor-element elementor-element-d5deec3\" data-id=\"d5deec3\" data-element_type=\"column\">\n\t\t\t<div class=\"elementor-widget-wrap elementor-element-populated\">\n\t\t\t\t\t\t<div class=\"elementor-element elementor-element-f641f49 elementor-widget__width-initial elementor-widget elementor-widget-heading\" data-id=\"f641f49\" data-element_type=\"widget\" data-widget_type=\"heading.default\">\n\t\t\t\t<div class=\"elementor-widget-container\">\n\t\t\t<h2 class=\"elementor-heading-title elementor-size-default\">Legfirssebb bejegyz\u00e9sek<\/h2>\t\t<\/div>\n\t\t\t\t<\/div>\n\t\t\t\t<div class=\"elementor-element elementor-element-cf1795d elementor-grid-3 elementor-grid-tablet-2 elementor-grid-mobile-1 elementor-posts--thumbnail-top elementor-widget elementor-widget-posts\" data-id=\"cf1795d\" data-element_type=\"widget\" data-settings=\"{&quot;pagination_type&quot;:&quot;numbers_and_prev_next&quot;,&quot;classic_columns&quot;:&quot;3&quot;,&quot;classic_columns_tablet&quot;:&quot;2&quot;,&quot;classic_columns_mobile&quot;:&quot;1&quot;,&quot;classic_row_gap&quot;:{&quot;unit&quot;:&quot;px&quot;,&quot;size&quot;:35,&quot;sizes&quot;:[]},&quot;classic_row_gap_laptop&quot;:{&quot;unit&quot;:&quot;px&quot;,&quot;size&quot;:&quot;&quot;,&quot;sizes&quot;:[]},&quot;classic_row_gap_tablet&quot;:{&quot;unit&quot;:&quot;px&quot;,&quot;size&quot;:&quot;&quot;,&quot;sizes&quot;:[]},&quot;classic_row_gap_mobile&quot;:{&quot;unit&quot;:&quot;px&quot;,&quot;size&quot;:&quot;&quot;,&quot;sizes&quot;:[]}}\" data-widget_type=\"posts.classic\">\n\t\t\t\t<div class=\"elementor-widget-container\">\n\t\t\t\t\t<div class=\"elementor-posts-container elementor-posts elementor-posts--skin-classic elementor-grid\">\n\t\t\t\t<article class=\"elementor-post elementor-grid-item post-200 post type-post status-publish format-standard has-post-thumbnail hentry category-weboldal\">\n\t\t\t\t<a class=\"elementor-post__thumbnail__link\" href=\"https:\/\/pp66.hu\/en\/a-stresszmentes-koltoztetes-kulcsa\/\" >\n\t\t\t<div class=\"elementor-post__thumbnail\"><img fetchpriority=\"high\" decoding=\"async\" width=\"1600\" height=\"1071\" src=\"https:\/\/pp66.hu\/wp-content\/uploads\/2023\/06\/DSC09033-Szerkesztve.png\" class=\"attachment-full size-full wp-image-634\" alt=\"\" srcset=\"https:\/\/pp66.hu\/wp-content\/uploads\/2023\/06\/DSC09033-Szerkesztve.png 1600w, https:\/\/pp66.hu\/wp-content\/uploads\/2023\/06\/DSC09033-Szerkesztve-300x201.png 300w, https:\/\/pp66.hu\/wp-content\/uploads\/2023\/06\/DSC09033-Szerkesztve-1024x685.png 1024w, https:\/\/pp66.hu\/wp-content\/uploads\/2023\/06\/DSC09033-Szerkesztve-768x514.png 768w, https:\/\/pp66.hu\/wp-content\/uploads\/2023\/06\/DSC09033-Szerkesztve-1536x1028.png 1536w\" sizes=\"(max-width: 1600px) 100vw, 1600px\" \/><\/div>\n\t\t<\/a>\n\t\t\t\t<div class=\"elementor-post__text\">\n\t\t\t\t<h3 class=\"elementor-post__title\">\n\t\t\t<a href=\"https:\/\/pp66.hu\/en\/a-stresszmentes-koltoztetes-kulcsa\/\" >\n\t\t\t\tA stresszmentes k\u00f6lt\u00f6ztet\u00e9s kulcsa\t\t\t<\/a>\n\t\t<\/h3>\n\t\t\t\t<div class=\"elementor-post__meta-data\">\n\t\t\t\t\t<span class=\"elementor-post-date\">\n\t\t\tJune 15, 2023\t\t<\/span>\n\t\t\t\t<span class=\"elementor-post-avatar\">\n\t\t\tNo Comments\t\t<\/span>\n\t\t\t\t<\/div>\n\t\t\t\t<div class=\"elementor-post__excerpt\">\n\t\t\t<p>Ez egy minta bejegyz\u00e9s, ami az\u00e9rt k\u00e9sz\u00fclt, hogy bemutassa a blogbejegyz\u00e9sekben rejl\u0151 lehet\u0151s\u00e9geket. Egy leck\u00e9ben magyar\u00e1zom el a k\u00fcl\u00f6nb\u00f6z\u0151 opci\u00f3kat, megold\u00e1sokat. N\u00e9zd meg te is,<\/p>\n\t\t<\/div>\n\t\t\t\t\t<div class=\"elementor-post__read-more-wrapper\">\n\t\t\n\t\t<a class=\"elementor-post__read-more\" href=\"https:\/\/pp66.hu\/en\/a-stresszmentes-koltoztetes-kulcsa\/\" aria-label=\"Read more about A stresszmentes k\u00f6lt\u00f6ztet\u00e9s kulcsa\" >\n\t\t\tTov\u00e1bb olvasom \u00bb\t\t<\/a>\n\n\t\t\t\t\t<\/div>\n\t\t\t\t<\/div>\n\t\t\t\t<\/article>\n\t\t\t\t<article class=\"elementor-post elementor-grid-item post-199 post type-post status-publish format-standard has-post-thumbnail hentry category-vallalkozas\">\n\t\t\t\t<a class=\"elementor-post__thumbnail__link\" href=\"https:\/\/pp66.hu\/en\/anyagmozgatasi-megoldasok-a-bol-b-be\/\" >\n\t\t\t<div class=\"elementor-post__thumbnail\"><img decoding=\"async\" width=\"1600\" height=\"1071\" src=\"https:\/\/pp66.hu\/wp-content\/uploads\/2023\/06\/DSC08949-Szerkesztve.png\" class=\"attachment-full size-full wp-image-633\" alt=\"\" srcset=\"https:\/\/pp66.hu\/wp-content\/uploads\/2023\/06\/DSC08949-Szerkesztve.png 1600w, https:\/\/pp66.hu\/wp-content\/uploads\/2023\/06\/DSC08949-Szerkesztve-300x201.png 300w, https:\/\/pp66.hu\/wp-content\/uploads\/2023\/06\/DSC08949-Szerkesztve-1024x685.png 1024w, https:\/\/pp66.hu\/wp-content\/uploads\/2023\/06\/DSC08949-Szerkesztve-768x514.png 768w, https:\/\/pp66.hu\/wp-content\/uploads\/2023\/06\/DSC08949-Szerkesztve-1536x1028.png 1536w\" sizes=\"(max-width: 1600px) 100vw, 1600px\" \/><\/div>\n\t\t<\/a>\n\t\t\t\t<div class=\"elementor-post__text\">\n\t\t\t\t<h3 class=\"elementor-post__title\">\n\t\t\t<a href=\"https:\/\/pp66.hu\/en\/anyagmozgatasi-megoldasok-a-bol-b-be\/\" >\n\t\t\t\tAnyagmozgat\u00e1si megold\u00e1sok A-b\u00f3l B-be\t\t\t<\/a>\n\t\t<\/h3>\n\t\t\t\t<div class=\"elementor-post__meta-data\">\n\t\t\t\t\t<span class=\"elementor-post-date\">\n\t\t\tJune 15, 2023\t\t<\/span>\n\t\t\t\t<span class=\"elementor-post-avatar\">\n\t\t\tNo Comments\t\t<\/span>\n\t\t\t\t<\/div>\n\t\t\t\t<div class=\"elementor-post__excerpt\">\n\t\t\t<p>Ez egy minta bejegyz\u00e9s, ami az\u00e9rt k\u00e9sz\u00fclt, hogy bemutassa a blogbejegyz\u00e9sekben rejl\u0151 lehet\u0151s\u00e9geket. Egy leck\u00e9ben magyar\u00e1zom el a k\u00fcl\u00f6nb\u00f6z\u0151 opci\u00f3kat, megold\u00e1sokat. N\u00e9zd meg te is,<\/p>\n\t\t<\/div>\n\t\t\t\t\t<div class=\"elementor-post__read-more-wrapper\">\n\t\t\n\t\t<a class=\"elementor-post__read-more\" href=\"https:\/\/pp66.hu\/en\/anyagmozgatasi-megoldasok-a-bol-b-be\/\" aria-label=\"Read more about Anyagmozgat\u00e1si megold\u00e1sok A-b\u00f3l B-be\" >\n\t\t\tTov\u00e1bb olvasom \u00bb\t\t<\/a>\n\n\t\t\t\t\t<\/div>\n\t\t\t\t<\/div>\n\t\t\t\t<\/article>\n\t\t\t\t<article class=\"elementor-post elementor-grid-item post-197 post type-post status-publish format-standard has-post-thumbnail hentry category-weboldal\">\n\t\t\t\t<a class=\"elementor-post__thumbnail__link\" href=\"https:\/\/pp66.hu\/en\/milyen-folyamatokkal-jar-egy-koltoztetes-a-kezdetektol\/\" >\n\t\t\t<div class=\"elementor-post__thumbnail\"><img decoding=\"async\" width=\"1600\" height=\"1200\" src=\"https:\/\/pp66.hu\/wp-content\/uploads\/2023\/06\/20221110_113735-Szerkesztve.png\" class=\"attachment-full size-full wp-image-632\" alt=\"\" srcset=\"https:\/\/pp66.hu\/wp-content\/uploads\/2023\/06\/20221110_113735-Szerkesztve.png 1600w, https:\/\/pp66.hu\/wp-content\/uploads\/2023\/06\/20221110_113735-Szerkesztve-300x225.png 300w, https:\/\/pp66.hu\/wp-content\/uploads\/2023\/06\/20221110_113735-Szerkesztve-1024x768.png 1024w, https:\/\/pp66.hu\/wp-content\/uploads\/2023\/06\/20221110_113735-Szerkesztve-768x576.png 768w, https:\/\/pp66.hu\/wp-content\/uploads\/2023\/06\/20221110_113735-Szerkesztve-1536x1152.png 1536w\" sizes=\"(max-width: 1600px) 100vw, 1600px\" \/><\/div>\n\t\t<\/a>\n\t\t\t\t<div class=\"elementor-post__text\">\n\t\t\t\t<h3 class=\"elementor-post__title\">\n\t\t\t<a href=\"https:\/\/pp66.hu\/en\/milyen-folyamatokkal-jar-egy-koltoztetes-a-kezdetektol\/\" >\n\t\t\t\tMilyen folyamatokkal j\u00e1r egy k\u00f6lt\u00f6ztet\u00e9s a kezdetekt\u0151l?\t\t\t<\/a>\n\t\t<\/h3>\n\t\t\t\t<div class=\"elementor-post__meta-data\">\n\t\t\t\t\t<span class=\"elementor-post-date\">\n\t\t\tJune 15, 2023\t\t<\/span>\n\t\t\t\t<span class=\"elementor-post-avatar\">\n\t\t\tNo Comments\t\t<\/span>\n\t\t\t\t<\/div>\n\t\t\t\t<div class=\"elementor-post__excerpt\">\n\t\t\t<p>Ez egy minta bejegyz\u00e9s, ami az\u00e9rt k\u00e9sz\u00fclt, hogy bemutassa a blogbejegyz\u00e9sekben rejl\u0151 lehet\u0151s\u00e9geket. Egy leck\u00e9ben magyar\u00e1zom el a k\u00fcl\u00f6nb\u00f6z\u0151 opci\u00f3kat, megold\u00e1sokat. N\u00e9zd meg te is,<\/p>\n\t\t<\/div>\n\t\t\t\t\t<div class=\"elementor-post__read-more-wrapper\">\n\t\t\n\t\t<a class=\"elementor-post__read-more\" href=\"https:\/\/pp66.hu\/en\/milyen-folyamatokkal-jar-egy-koltoztetes-a-kezdetektol\/\" aria-label=\"Read more about Milyen folyamatokkal j\u00e1r egy k\u00f6lt\u00f6ztet\u00e9s a kezdetekt\u0151l?\" >\n\t\t\tTov\u00e1bb olvasom \u00bb\t\t<\/a>\n\n\t\t\t\t\t<\/div>\n\t\t\t\t<\/div>\n\t\t\t\t<\/article>\n\t\t\t\t<article class=\"elementor-post elementor-grid-item post-196 post type-post status-publish format-standard has-post-thumbnail hentry category-vallalkozas\">\n\t\t\t\t<a class=\"elementor-post__thumbnail__link\" href=\"https:\/\/pp66.hu\/en\/legutobbi-blogcikk-cime-kb-ilyen-hosszu-3\/\" >\n\t\t\t<div class=\"elementor-post__thumbnail\"><img loading=\"lazy\" decoding=\"async\" width=\"1200\" height=\"630\" src=\"https:\/\/pp66.hu\/wp-content\/uploads\/2022\/06\/wpkurzus-bg-1200x630px.png\" class=\"attachment-full size-full wp-image-198\" alt=\"\" srcset=\"https:\/\/pp66.hu\/wp-content\/uploads\/2022\/06\/wpkurzus-bg-1200x630px.png 1200w, https:\/\/pp66.hu\/wp-content\/uploads\/2022\/06\/wpkurzus-bg-1200x630px-300x158.png 300w, https:\/\/pp66.hu\/wp-content\/uploads\/2022\/06\/wpkurzus-bg-1200x630px-1024x538.png 1024w, https:\/\/pp66.hu\/wp-content\/uploads\/2022\/06\/wpkurzus-bg-1200x630px-768x403.png 768w\" sizes=\"(max-width: 1200px) 100vw, 1200px\" \/><\/div>\n\t\t<\/a>\n\t\t\t\t<div class=\"elementor-post__text\">\n\t\t\t\t<h3 class=\"elementor-post__title\">\n\t\t\t<a href=\"https:\/\/pp66.hu\/en\/legutobbi-blogcikk-cime-kb-ilyen-hosszu-3\/\" >\n\t\t\t\tLegut\u00f3bbi blogcikk c\u00edme, kb. ilyen hossz\u00fa 3\t\t\t<\/a>\n\t\t<\/h3>\n\t\t\t\t<div class=\"elementor-post__meta-data\">\n\t\t\t\t\t<span class=\"elementor-post-date\">\n\t\t\tJune 15, 2023\t\t<\/span>\n\t\t\t\t<span class=\"elementor-post-avatar\">\n\t\t\tNo Comments\t\t<\/span>\n\t\t\t\t<\/div>\n\t\t\t\t<div class=\"elementor-post__excerpt\">\n\t\t\t<p>Ez egy minta bejegyz\u00e9s, ami az\u00e9rt k\u00e9sz\u00fclt, hogy bemutassa a blogbejegyz\u00e9sekben rejl\u0151 lehet\u0151s\u00e9geket. Egy leck\u00e9ben magyar\u00e1zom el a k\u00fcl\u00f6nb\u00f6z\u0151 opci\u00f3kat, megold\u00e1sokat. N\u00e9zd meg te is,<\/p>\n\t\t<\/div>\n\t\t\t\t\t<div class=\"elementor-post__read-more-wrapper\">\n\t\t\n\t\t<a class=\"elementor-post__read-more\" href=\"https:\/\/pp66.hu\/en\/legutobbi-blogcikk-cime-kb-ilyen-hosszu-3\/\" aria-label=\"Read more about Legut\u00f3bbi blogcikk c\u00edme, kb. ilyen hossz\u00fa 3\" >\n\t\t\tTov\u00e1bb olvasom \u00bb\t\t<\/a>\n\n\t\t\t\t\t<\/div>\n\t\t\t\t<\/div>\n\t\t\t\t<\/article>\n\t\t\t\t<article class=\"elementor-post elementor-grid-item post-195 post type-post status-publish format-standard has-post-thumbnail hentry category-marketing\">\n\t\t\t\t<a class=\"elementor-post__thumbnail__link\" href=\"https:\/\/pp66.hu\/en\/legutobbi-blogcikk-cime-kb-ilyen-hosszu-2\/\" >\n\t\t\t<div class=\"elementor-post__thumbnail\"><img loading=\"lazy\" decoding=\"async\" width=\"1200\" height=\"630\" src=\"https:\/\/pp66.hu\/wp-content\/uploads\/2022\/06\/wpkurzus-bg-1200x630px.png\" class=\"attachment-full size-full wp-image-198\" alt=\"\" srcset=\"https:\/\/pp66.hu\/wp-content\/uploads\/2022\/06\/wpkurzus-bg-1200x630px.png 1200w, https:\/\/pp66.hu\/wp-content\/uploads\/2022\/06\/wpkurzus-bg-1200x630px-300x158.png 300w, https:\/\/pp66.hu\/wp-content\/uploads\/2022\/06\/wpkurzus-bg-1200x630px-1024x538.png 1024w, https:\/\/pp66.hu\/wp-content\/uploads\/2022\/06\/wpkurzus-bg-1200x630px-768x403.png 768w\" sizes=\"(max-width: 1200px) 100vw, 1200px\" \/><\/div>\n\t\t<\/a>\n\t\t\t\t<div class=\"elementor-post__text\">\n\t\t\t\t<h3 class=\"elementor-post__title\">\n\t\t\t<a href=\"https:\/\/pp66.hu\/en\/legutobbi-blogcikk-cime-kb-ilyen-hosszu-2\/\" >\n\t\t\t\tLegut\u00f3bbi blogcikk c\u00edme, kb. ilyen hossz\u00fa 2\t\t\t<\/a>\n\t\t<\/h3>\n\t\t\t\t<div class=\"elementor-post__meta-data\">\n\t\t\t\t\t<span class=\"elementor-post-date\">\n\t\t\tJune 15, 2023\t\t<\/span>\n\t\t\t\t<span class=\"elementor-post-avatar\">\n\t\t\tNo Comments\t\t<\/span>\n\t\t\t\t<\/div>\n\t\t\t\t<div class=\"elementor-post__excerpt\">\n\t\t\t<p>Ez egy minta bejegyz\u00e9s, ami az\u00e9rt k\u00e9sz\u00fclt, hogy bemutassa a blogbejegyz\u00e9sekben rejl\u0151 lehet\u0151s\u00e9geket. Egy leck\u00e9ben magyar\u00e1zom el a k\u00fcl\u00f6nb\u00f6z\u0151 opci\u00f3kat, megold\u00e1sokat. N\u00e9zd meg te is,<\/p>\n\t\t<\/div>\n\t\t\t\t\t<div class=\"elementor-post__read-more-wrapper\">\n\t\t\n\t\t<a class=\"elementor-post__read-more\" href=\"https:\/\/pp66.hu\/en\/legutobbi-blogcikk-cime-kb-ilyen-hosszu-2\/\" aria-label=\"Read more about Legut\u00f3bbi blogcikk c\u00edme, kb. ilyen hossz\u00fa 2\" >\n\t\t\tTov\u00e1bb olvasom \u00bb\t\t<\/a>\n\n\t\t\t\t\t<\/div>\n\t\t\t\t<\/div>\n\t\t\t\t<\/article>\n\t\t\t\t<article class=\"elementor-post elementor-grid-item post-194 post type-post status-publish format-standard has-post-thumbnail hentry category-konyveles\">\n\t\t\t\t<a class=\"elementor-post__thumbnail__link\" href=\"https:\/\/pp66.hu\/en\/legutobbi-blogcikk-cime-kb-ilyen-hosszu-1\/\" >\n\t\t\t<div class=\"elementor-post__thumbnail\"><img loading=\"lazy\" decoding=\"async\" width=\"1200\" height=\"630\" src=\"https:\/\/pp66.hu\/wp-content\/uploads\/2022\/06\/wpkurzus-bg-1200x630px.png\" class=\"attachment-full size-full wp-image-198\" alt=\"\" srcset=\"https:\/\/pp66.hu\/wp-content\/uploads\/2022\/06\/wpkurzus-bg-1200x630px.png 1200w, https:\/\/pp66.hu\/wp-content\/uploads\/2022\/06\/wpkurzus-bg-1200x630px-300x158.png 300w, https:\/\/pp66.hu\/wp-content\/uploads\/2022\/06\/wpkurzus-bg-1200x630px-1024x538.png 1024w, https:\/\/pp66.hu\/wp-content\/uploads\/2022\/06\/wpkurzus-bg-1200x630px-768x403.png 768w\" sizes=\"(max-width: 1200px) 100vw, 1200px\" \/><\/div>\n\t\t<\/a>\n\t\t\t\t<div class=\"elementor-post__text\">\n\t\t\t\t<h3 class=\"elementor-post__title\">\n\t\t\t<a href=\"https:\/\/pp66.hu\/en\/legutobbi-blogcikk-cime-kb-ilyen-hosszu-1\/\" >\n\t\t\t\tLegut\u00f3bbi blogcikk c\u00edme, kb. ilyen hossz\u00fa 1\t\t\t<\/a>\n\t\t<\/h3>\n\t\t\t\t<div class=\"elementor-post__meta-data\">\n\t\t\t\t\t<span class=\"elementor-post-date\">\n\t\t\tJune 15, 2023\t\t<\/span>\n\t\t\t\t<span class=\"elementor-post-avatar\">\n\t\t\tNo Comments\t\t<\/span>\n\t\t\t\t<\/div>\n\t\t\t\t<div class=\"elementor-post__excerpt\">\n\t\t\t<p>Ez egy minta bejegyz\u00e9s, ami az\u00e9rt k\u00e9sz\u00fclt, hogy bemutassa a blogbejegyz\u00e9sekben rejl\u0151 lehet\u0151s\u00e9geket. Egy leck\u00e9ben magyar\u00e1zom el a k\u00fcl\u00f6nb\u00f6z\u0151 opci\u00f3kat, megold\u00e1sokat. N\u00e9zd meg te is,<\/p>\n\t\t<\/div>\n\t\t\t\t\t<div class=\"elementor-post__read-more-wrapper\">\n\t\t\n\t\t<a class=\"elementor-post__read-more\" href=\"https:\/\/pp66.hu\/en\/legutobbi-blogcikk-cime-kb-ilyen-hosszu-1\/\" aria-label=\"Read more about Legut\u00f3bbi blogcikk c\u00edme, kb. ilyen hossz\u00fa 1\" >\n\t\t\tTov\u00e1bb olvasom \u00bb\t\t<\/a>\n\n\t\t\t\t\t<\/div>\n\t\t\t\t<\/div>\n\t\t\t\t<\/article>\n\t\t\t\t<\/div>\n\t\t\n\t\t\t\t<\/div>\n\t\t\t\t<\/div>\n\t\t\t\t\t<\/div>\n\t\t<\/div>\n\t\t\t\t\t<\/div>\n\t\t<\/section>\n\t\t\t\t<\/div>","protected":false},"excerpt":{"rendered":"<p>Legfirssebb bejegyz\u00e9sek<\/p>","protected":false},"author":3,"featured_media":0,"parent":0,"menu_order":0,"comment_status":"closed","ping_status":"closed","template":"","meta":{"footnotes":""},"class_list":["post-33","page","type-page","status-publish","hentry"],"yoast_head":"<!-- This site is optimized with the Yoast SEO plugin v23.6 - https:\/\/yoast.com\/wordpress\/plugins\/seo\/ -->\n<title>Blog - Pannon Pakk 66 Kft.<\/title>\n<meta name=\"robots\" content=\"noindex, follow, max-snippet:-1, max-image-preview:large, max-video-preview:-1\" \/>\n<meta property=\"og:locale\" content=\"en_GB\" \/>\n<meta property=\"og:type\" content=\"article\" \/>\n<meta property=\"og:title\" content=\"Blog - Pannon Pakk 66 Kft.\" \/>\n<meta property=\"og:description\" content=\"Legfirssebb bejegyz\u00e9sek\" \/>\n<meta property=\"og:url\" content=\"https:\/\/pp66.hu\/en\/blog\/\" \/>\n<meta property=\"og:site_name\" content=\"Pannon Pakk 66 Kft.\" \/>\n<meta property=\"article:modified_time\" content=\"2023-07-27T10:30:43+00:00\" \/>\n<meta name=\"twitter:card\" content=\"summary_large_image\" \/>\n<meta name=\"twitter:label1\" content=\"Estimated reading time\" \/>\n\t<meta name=\"twitter:data1\" content=\"3 minutes\" \/>\n<script type=\"application\/ld+json\" class=\"yoast-schema-graph\">{\"@context\":\"https:\/\/schema.org\",\"@graph\":[{\"@type\":\"WebPage\",\"@id\":\"https:\/\/pp66.hu\/blog\/\",\"url\":\"https:\/\/pp66.hu\/blog\/\",\"name\":\"Blog - Pannon Pakk 66 Kft.\",\"isPartOf\":{\"@id\":\"https:\/\/pp66.hu\/#website\"},\"datePublished\":\"2023-06-15T10:59:12+00:00\",\"dateModified\":\"2023-07-27T10:30:43+00:00\",\"breadcrumb\":{\"@id\":\"https:\/\/pp66.hu\/blog\/#breadcrumb\"},\"inLanguage\":\"en-GB\",\"potentialAction\":[{\"@type\":\"ReadAction\",\"target\":[\"https:\/\/pp66.hu\/blog\/\"]}]},{\"@type\":\"BreadcrumbList\",\"@id\":\"https:\/\/pp66.hu\/blog\/#breadcrumb\",\"itemListElement\":[{\"@type\":\"ListItem\",\"position\":1,\"name\":\"Kezd\u0151lap\",\"item\":\"https:\/\/pp66.hu\/\"},{\"@type\":\"ListItem\",\"position\":2,\"name\":\"Blog\"}]},{\"@type\":\"WebSite\",\"@id\":\"https:\/\/pp66.hu\/#website\",\"url\":\"https:\/\/pp66.hu\/\",\"name\":\"Pannon Pakk 66 Kft.\",\"description\":\"K\u00f6lt\u00f6ztet\u00e9s - B\u00fatorsz\u00e1ll\u00edt\u00e1s - Rakt\u00e1roz\u00e1s - Szeged\",\"publisher\":{\"@id\":\"https:\/\/pp66.hu\/#organization\"},\"potentialAction\":[{\"@type\":\"SearchAction\",\"target\":{\"@type\":\"EntryPoint\",\"urlTemplate\":\"https:\/\/pp66.hu\/?s={search_term_string}\"},\"query-input\":{\"@type\":\"PropertyValueSpecification\",\"valueRequired\":true,\"valueName\":\"search_term_string\"}}],\"inLanguage\":\"en-GB\"},{\"@type\":\"Organization\",\"@id\":\"https:\/\/pp66.hu\/#organization\",\"name\":\"Pannon Pakk 66 Kft.\",\"url\":\"https:\/\/pp66.hu\/\",\"logo\":{\"@type\":\"ImageObject\",\"inLanguage\":\"en-GB\",\"@id\":\"https:\/\/pp66.hu\/#\/schema\/logo\/image\/\",\"url\":\"https:\/\/pp66.hu\/wp-content\/uploads\/2023\/06\/logo4-1.png\",\"contentUrl\":\"https:\/\/pp66.hu\/wp-content\/uploads\/2023\/06\/logo4-1.png\",\"width\":350,\"height\":100,\"caption\":\"Pannon Pakk 66 Kft.\"},\"image\":{\"@id\":\"https:\/\/pp66.hu\/#\/schema\/logo\/image\/\"}}]}<\/script>\n<!-- \/ Yoast SEO plugin. -->","yoast_head_json":{"title":"Blog - Pannon Pakk 66 Kft.","robots":{"index":"noindex","follow":"follow","max-snippet":"max-snippet:-1","max-image-preview":"max-image-preview:large","max-video-preview":"max-video-preview:-1"},"og_locale":"en_GB","og_type":"article","og_title":"Blog - Pannon Pakk 66 Kft.","og_description":"Legfirssebb bejegyz\u00e9sek","og_url":"https:\/\/pp66.hu\/en\/blog\/","og_site_name":"Pannon Pakk 66 Kft.","article_modified_time":"2023-07-27T10:30:43+00:00","twitter_card":"summary_large_image","twitter_misc":{"Estimated reading time":"3 minutes"},"schema":{"@context":"https:\/\/schema.org","@graph":[{"@type":"WebPage","@id":"https:\/\/pp66.hu\/blog\/","url":"https:\/\/pp66.hu\/blog\/","name":"Blog - Pannon Pakk 66 Kft.","isPartOf":{"@id":"https:\/\/pp66.hu\/#website"},"datePublished":"2023-06-15T10:59:12+00:00","dateModified":"2023-07-27T10:30:43+00:00","breadcrumb":{"@id":"https:\/\/pp66.hu\/blog\/#breadcrumb"},"inLanguage":"en-GB","potentialAction":[{"@type":"ReadAction","target":["https:\/\/pp66.hu\/blog\/"]}]},{"@type":"BreadcrumbList","@id":"https:\/\/pp66.hu\/blog\/#breadcrumb","itemListElement":[{"@type":"ListItem","position":1,"name":"Kezd\u0151lap","item":"https:\/\/pp66.hu\/"},{"@type":"ListItem","position":2,"name":"Blog"}]},{"@type":"WebSite","@id":"https:\/\/pp66.hu\/#website","url":"https:\/\/pp66.hu\/","name":"Pannon Pakk 66 Kft.","description":"K\u00f6lt\u00f6ztet\u00e9s - B\u00fatorsz\u00e1ll\u00edt\u00e1s - Rakt\u00e1roz\u00e1s - Szeged","publisher":{"@id":"https:\/\/pp66.hu\/#organization"},"potentialAction":[{"@type":"SearchAction","target":{"@type":"EntryPoint","urlTemplate":"https:\/\/pp66.hu\/?s={search_term_string}"},"query-input":{"@type":"PropertyValueSpecification","valueRequired":true,"valueName":"search_term_string"}}],"inLanguage":"en-GB"},{"@type":"Organization","@id":"https:\/\/pp66.hu\/#organization","name":"Pannon Pakk 66 Kft.","url":"https:\/\/pp66.hu\/","logo":{"@type":"ImageObject","inLanguage":"en-GB","@id":"https:\/\/pp66.hu\/#\/schema\/logo\/image\/","url":"https:\/\/pp66.hu\/wp-content\/uploads\/2023\/06\/logo4-1.png","contentUrl":"https:\/\/pp66.hu\/wp-content\/uploads\/2023\/06\/logo4-1.png","width":350,"height":100,"caption":"Pannon Pakk 66 Kft."},"image":{"@id":"https:\/\/pp66.hu\/#\/schema\/logo\/image\/"}}]}},"_links":{"self":[{"href":"https:\/\/pp66.hu\/en\/wp-json\/wp\/v2\/pages\/33","targetHints":{"allow":["GET"]}}],"collection":[{"href":"https:\/\/pp66.hu\/en\/wp-json\/wp\/v2\/pages"}],"about":[{"href":"https:\/\/pp66.hu\/en\/wp-json\/wp\/v2\/types\/page"}],"author":[{"embeddable":true,"href":"https:\/\/pp66.hu\/en\/wp-json\/wp\/v2\/users\/3"}],"replies":[{"embeddable":true,"href":"https:\/\/pp66.hu\/en\/wp-json\/wp\/v2\/comments?post=33"}],"version-history":[{"count":4,"href":"https:\/\/pp66.hu\/en\/wp-json\/wp\/v2\/pages\/33\/revisions"}],"predecessor-version":[{"id":472,"href":"https:\/\/pp66.hu\/en\/wp-json\/wp\/v2\/pages\/33\/revisions\/472"}],"wp:attachment":[{"href":"https:\/\/pp66.hu\/en\/wp-json\/wp\/v2\/media?parent=33"}],"curies":[{"name":"wp","href":"https:\/\/api.w.org\/{rel}","templated":true}]}}