{"id":473,"date":"2023-07-27T12:58:37","date_gmt":"2023-07-27T10:58:37","guid":{"rendered":"https:\/\/pp66.hu\/?page_id=473"},"modified":"2023-07-27T13:18:26","modified_gmt":"2023-07-27T11:18:26","slug":"gyakran-ismetelt-kerdesek","status":"publish","type":"page","link":"https:\/\/pp66.hu\/en\/gyakran-ismetelt-kerdesek\/","title":{"rendered":"Gyakran Ism\u00e9telt K\u00e9rd\u00e9sek"},"content":{"rendered":"<div data-elementor-type=\"wp-page\" data-elementor-id=\"473\" class=\"elementor elementor-473\" data-elementor-post-type=\"page\">\n\t\t\t\t\t\t<section class=\"elementor-section elementor-top-section elementor-element elementor-element-e94c6bb elementor-section-boxed elementor-section-height-default elementor-section-height-default\" data-id=\"e94c6bb\" data-element_type=\"section\">\n\t\t\t\t\t\t<div class=\"elementor-container elementor-column-gap-default\">\n\t\t\t\t\t<div class=\"elementor-column elementor-col-100 elementor-top-column elementor-element elementor-element-86c6134\" data-id=\"86c6134\" data-element_type=\"column\">\n\t\t\t<div class=\"elementor-widget-wrap elementor-element-populated\">\n\t\t\t\t\t\t<div class=\"elementor-element elementor-element-d06576c elementor-widget__width-initial elementor-widget elementor-widget-heading\" data-id=\"d06576c\" data-element_type=\"widget\" data-widget_type=\"heading.default\">\n\t\t\t\t<div class=\"elementor-widget-container\">\n\t\t\t<h2 class=\"elementor-heading-title elementor-size-default\">Gyakran Ism\u00e9telt K\u00e9rd\u00e9sek<\/h2>\t\t<\/div>\n\t\t\t\t<\/div>\n\t\t\t\t<section class=\"elementor-section elementor-inner-section elementor-element elementor-element-cec67ce elementor-section-boxed elementor-section-height-default elementor-section-height-default\" data-id=\"cec67ce\" data-element_type=\"section\">\n\t\t\t\t\t\t<div class=\"elementor-container elementor-column-gap-default\">\n\t\t\t\t\t<div class=\"elementor-column elementor-col-50 elementor-inner-column elementor-element elementor-element-63f512f\" data-id=\"63f512f\" data-element_type=\"column\">\n\t\t\t<div class=\"elementor-widget-wrap elementor-element-populated\">\n\t\t\t\t\t\t<div class=\"elementor-element elementor-element-eb9f608 elementor-widget elementor-widget-accordion\" data-id=\"eb9f608\" data-element_type=\"widget\" data-widget_type=\"accordion.default\">\n\t\t\t\t<div class=\"elementor-widget-container\">\n\t\t\t\t\t<div class=\"elementor-accordion\">\n\t\t\t\t\t\t\t<div class=\"elementor-accordion-item\">\n\t\t\t\t\t<div id=\"elementor-tab-title-2471\" class=\"elementor-tab-title\" data-tab=\"1\" role=\"button\" aria-controls=\"elementor-tab-content-2471\" aria-expanded=\"false\">\n\t\t\t\t\t\t\t\t\t\t\t\t\t<span class=\"elementor-accordion-icon elementor-accordion-icon-left\" aria-hidden=\"true\">\n\t\t\t\t\t\t\t\t\t\t\t\t\t\t\t<span class=\"elementor-accordion-icon-closed\"><i class=\"fas fa-plus\"><\/i><\/span>\n\t\t\t\t\t\t\t\t<span class=\"elementor-accordion-icon-opened\"><i class=\"fas fa-minus\"><\/i><\/span>\n\t\t\t\t\t\t\t\t\t\t\t\t\t\t<\/span>\n\t\t\t\t\t\t\t\t\t\t\t\t<a class=\"elementor-accordion-title\" tabindex=\"0\">Mennyibe ker\u00fcl a k\u00f6lt\u00f6ztet\u00e9s?<\/a>\n\t\t\t\t\t<\/div>\n\t\t\t\t\t<div id=\"elementor-tab-content-2471\" class=\"elementor-tab-content elementor-clearfix\" data-tab=\"1\" role=\"region\" aria-labelledby=\"elementor-tab-title-2471\"><p>A k\u00f6lt\u00f6ztet\u00e9s k\u00f6lts\u00e9gei v\u00e1ltoz\u00f3ak \u00e9s t\u00f6bb t\u00e9nyez\u0151t\u0151l f\u00fcggenek, mint p\u00e9ld\u00e1ul a t\u00e1vols\u00e1g, a rakod\u00f3 \u00e9s pakol\u00f3 munk\u00e1k id\u0151tartama, az \u00e1ruk mennyis\u00e9ge \u00e9s m\u00e9rete, valamint az extra szolg\u00e1ltat\u00e1sok ig\u00e9nyl\u00e9se. K\u00e9rj\u00fck, vegye fel vel\u00fcnk a kapcsolatot egy pontos \u00e1raj\u00e1nlat\u00e9rt.<\/p><\/div>\n\t\t\t\t<\/div>\n\t\t\t\t\t\t\t<div class=\"elementor-accordion-item\">\n\t\t\t\t\t<div id=\"elementor-tab-title-2472\" class=\"elementor-tab-title\" data-tab=\"2\" role=\"button\" aria-controls=\"elementor-tab-content-2472\" aria-expanded=\"false\">\n\t\t\t\t\t\t\t\t\t\t\t\t\t<span class=\"elementor-accordion-icon elementor-accordion-icon-left\" aria-hidden=\"true\">\n\t\t\t\t\t\t\t\t\t\t\t\t\t\t\t<span class=\"elementor-accordion-icon-closed\"><i class=\"fas fa-plus\"><\/i><\/span>\n\t\t\t\t\t\t\t\t<span class=\"elementor-accordion-icon-opened\"><i class=\"fas fa-minus\"><\/i><\/span>\n\t\t\t\t\t\t\t\t\t\t\t\t\t\t<\/span>\n\t\t\t\t\t\t\t\t\t\t\t\t<a class=\"elementor-accordion-title\" tabindex=\"0\">Hogyan k\u00e9sz\u00fcljek fel a k\u00f6lt\u00f6ztet\u00e9sre?<\/a>\n\t\t\t\t\t<\/div>\n\t\t\t\t\t<div id=\"elementor-tab-content-2472\" class=\"elementor-tab-content elementor-clearfix\" data-tab=\"2\" role=\"region\" aria-labelledby=\"elementor-tab-title-2472\"><p>A k\u00f6lt\u00f6ztet\u00e9s el\u0151tt \u00e9rdemes id\u0151ben elkezdeni a selejtez\u00e9st \u00e9s a csomagol\u00e1st. C\u00edmk\u00e9zze meg az \u00f6sszes dobozt tartalom szerint, \u00e9s jelezze, ha valami t\u00f6r\u00e9keny. Amennyiben csomagol\u00e1si szolg\u00e1ltat\u00e1st is ig\u00e9nyel, k\u00e9rj\u00fck, jelezze ezt el\u0151re.<\/p><\/div>\n\t\t\t\t<\/div>\n\t\t\t\t\t\t\t<div class=\"elementor-accordion-item\">\n\t\t\t\t\t<div id=\"elementor-tab-title-2473\" class=\"elementor-tab-title\" data-tab=\"3\" role=\"button\" aria-controls=\"elementor-tab-content-2473\" aria-expanded=\"false\">\n\t\t\t\t\t\t\t\t\t\t\t\t\t<span class=\"elementor-accordion-icon elementor-accordion-icon-left\" aria-hidden=\"true\">\n\t\t\t\t\t\t\t\t\t\t\t\t\t\t\t<span class=\"elementor-accordion-icon-closed\"><i class=\"fas fa-plus\"><\/i><\/span>\n\t\t\t\t\t\t\t\t<span class=\"elementor-accordion-icon-opened\"><i class=\"fas fa-minus\"><\/i><\/span>\n\t\t\t\t\t\t\t\t\t\t\t\t\t\t<\/span>\n\t\t\t\t\t\t\t\t\t\t\t\t<a class=\"elementor-accordion-title\" tabindex=\"0\">Biztos\u00edtj\u00e1k a csomagol\u00f3anyagokat?<\/a>\n\t\t\t\t\t<\/div>\n\t\t\t\t\t<div id=\"elementor-tab-content-2473\" class=\"elementor-tab-content elementor-clearfix\" data-tab=\"3\" role=\"region\" aria-labelledby=\"elementor-tab-title-2473\"><p>Igen, biztos\u00edtunk csomagol\u00f3anyagokat, mint dobozok, bubor\u00e9kf\u00f3lia \u00e9s csomagol\u00f3pap\u00edr. Ezek k\u00f6lts\u00e9gei az \u00e1raj\u00e1nlatban szerepelnek, de k\u00e9rj\u00fck, el\u0151re jelezze az ig\u00e9ny\u00e9t.<\/p><\/div>\n\t\t\t\t<\/div>\n\t\t\t\t\t\t\t<div class=\"elementor-accordion-item\">\n\t\t\t\t\t<div id=\"elementor-tab-title-2474\" class=\"elementor-tab-title\" data-tab=\"4\" role=\"button\" aria-controls=\"elementor-tab-content-2474\" aria-expanded=\"false\">\n\t\t\t\t\t\t\t\t\t\t\t\t\t<span class=\"elementor-accordion-icon elementor-accordion-icon-left\" aria-hidden=\"true\">\n\t\t\t\t\t\t\t\t\t\t\t\t\t\t\t<span class=\"elementor-accordion-icon-closed\"><i class=\"fas fa-plus\"><\/i><\/span>\n\t\t\t\t\t\t\t\t<span class=\"elementor-accordion-icon-opened\"><i class=\"fas fa-minus\"><\/i><\/span>\n\t\t\t\t\t\t\t\t\t\t\t\t\t\t<\/span>\n\t\t\t\t\t\t\t\t\t\t\t\t<a class=\"elementor-accordion-title\" tabindex=\"0\">Milyen biztos\u00edt\u00e1st ny\u00fajtanak a k\u00f6lt\u00f6ztet\u00e9s sor\u00e1n?<\/a>\n\t\t\t\t\t<\/div>\n\t\t\t\t\t<div id=\"elementor-tab-content-2474\" class=\"elementor-tab-content elementor-clearfix\" data-tab=\"4\" role=\"region\" aria-labelledby=\"elementor-tab-title-2474\"><p>A k\u00f6lt\u00f6ztet\u00e9s sor\u00e1n az \u00e1ruk alapvet\u0151 biztos\u00edt\u00e1sa benne van a szolg\u00e1ltat\u00e1sban, amely a rakod\u00e1s, sz\u00e1ll\u00edt\u00e1s \u00e9s lerakod\u00e1s alatt keletkez\u0151 s\u00e9r\u00fcl\u00e9sekre vonatkozik. Emellett extra biztos\u00edt\u00e1s is ig\u00e9nyelhet\u0151, amely magasabb k\u00e1rt\u00e9r\u00edt\u00e9st biztos\u00edt.<\/p><\/div>\n\t\t\t\t<\/div>\n\t\t\t\t\t\t\t<div class=\"elementor-accordion-item\">\n\t\t\t\t\t<div id=\"elementor-tab-title-2475\" class=\"elementor-tab-title\" data-tab=\"5\" role=\"button\" aria-controls=\"elementor-tab-content-2475\" aria-expanded=\"false\">\n\t\t\t\t\t\t\t\t\t\t\t\t\t<span class=\"elementor-accordion-icon elementor-accordion-icon-left\" aria-hidden=\"true\">\n\t\t\t\t\t\t\t\t\t\t\t\t\t\t\t<span class=\"elementor-accordion-icon-closed\"><i class=\"fas fa-plus\"><\/i><\/span>\n\t\t\t\t\t\t\t\t<span class=\"elementor-accordion-icon-opened\"><i class=\"fas fa-minus\"><\/i><\/span>\n\t\t\t\t\t\t\t\t\t\t\t\t\t\t<\/span>\n\t\t\t\t\t\t\t\t\t\t\t\t<a class=\"elementor-accordion-title\" tabindex=\"0\">Van lehet\u0151s\u00e9g h\u00e9tv\u00e9gi vagy \u00fcnnepnapi k\u00f6lt\u00f6ztet\u00e9sre?<\/a>\n\t\t\t\t\t<\/div>\n\t\t\t\t\t<div id=\"elementor-tab-content-2475\" class=\"elementor-tab-content elementor-clearfix\" data-tab=\"5\" role=\"region\" aria-labelledby=\"elementor-tab-title-2475\"><p>Igen, h\u00e9tv\u00e9gi \u00e9s \u00fcnnepnapi k\u00f6lt\u00f6ztet\u00e9sre is van lehet\u0151s\u00e9g. Ezek eset\u00e9n a d\u00edjak elt\u00e9rhetnek a h\u00e9tk\u00f6znapi d\u00edjakhoz k\u00e9pest, ez\u00e9rt k\u00e9rj\u00fck, egyedi \u00e1raj\u00e1nlat\u00e9rt vegye fel vel\u00fcnk a kapcsolatot.<\/p><\/div>\n\t\t\t\t<\/div>\n\t\t\t\t\t\t\t\t<\/div>\n\t\t\t\t<\/div>\n\t\t\t\t<\/div>\n\t\t\t\t\t<\/div>\n\t\t<\/div>\n\t\t\t\t<div class=\"elementor-column elementor-col-50 elementor-inner-column elementor-element elementor-element-6fd8cbc\" data-id=\"6fd8cbc\" data-element_type=\"column\">\n\t\t\t<div class=\"elementor-widget-wrap elementor-element-populated\">\n\t\t\t\t\t\t<div class=\"elementor-element elementor-element-12644b2 elementor-widget elementor-widget-accordion\" data-id=\"12644b2\" data-element_type=\"widget\" data-widget_type=\"accordion.default\">\n\t\t\t\t<div class=\"elementor-widget-container\">\n\t\t\t\t\t<div class=\"elementor-accordion\">\n\t\t\t\t\t\t\t<div class=\"elementor-accordion-item\">\n\t\t\t\t\t<div id=\"elementor-tab-title-1921\" class=\"elementor-tab-title\" data-tab=\"1\" role=\"button\" aria-controls=\"elementor-tab-content-1921\" aria-expanded=\"false\">\n\t\t\t\t\t\t\t\t\t\t\t\t\t<span class=\"elementor-accordion-icon elementor-accordion-icon-left\" aria-hidden=\"true\">\n\t\t\t\t\t\t\t\t\t\t\t\t\t\t\t<span class=\"elementor-accordion-icon-closed\"><i class=\"fas fa-plus\"><\/i><\/span>\n\t\t\t\t\t\t\t\t<span class=\"elementor-accordion-icon-opened\"><i class=\"fas fa-minus\"><\/i><\/span>\n\t\t\t\t\t\t\t\t\t\t\t\t\t\t<\/span>\n\t\t\t\t\t\t\t\t\t\t\t\t<a class=\"elementor-accordion-title\" tabindex=\"0\">Mennyi id\u0151re van sz\u00fcks\u00e9g a k\u00f6lt\u00f6ztet\u00e9sre?<\/a>\n\t\t\t\t\t<\/div>\n\t\t\t\t\t<div id=\"elementor-tab-content-1921\" class=\"elementor-tab-content elementor-clearfix\" data-tab=\"1\" role=\"region\" aria-labelledby=\"elementor-tab-title-1921\"><p>A k\u00f6lt\u00f6ztet\u00e9s id\u0151tartama t\u00f6bb t\u00e9nyez\u0151t\u0151l f\u00fcgg, mint p\u00e9ld\u00e1ul az \u00e1ruk mennyis\u00e9ge, a k\u00f6lt\u00f6ztet\u00e9s t\u00e1vols\u00e1ga \u00e9s a rakod\u00e1si k\u00f6r\u00fclm\u00e9nyek. A pontos id\u0151tartamr\u00f3l a foglal\u00e1skor adunk t\u00e1j\u00e9koztat\u00e1st.<\/p><\/div>\n\t\t\t\t<\/div>\n\t\t\t\t\t\t\t<div class=\"elementor-accordion-item\">\n\t\t\t\t\t<div id=\"elementor-tab-title-1922\" class=\"elementor-tab-title\" data-tab=\"2\" role=\"button\" aria-controls=\"elementor-tab-content-1922\" aria-expanded=\"false\">\n\t\t\t\t\t\t\t\t\t\t\t\t\t<span class=\"elementor-accordion-icon elementor-accordion-icon-left\" aria-hidden=\"true\">\n\t\t\t\t\t\t\t\t\t\t\t\t\t\t\t<span class=\"elementor-accordion-icon-closed\"><i class=\"fas fa-plus\"><\/i><\/span>\n\t\t\t\t\t\t\t\t<span class=\"elementor-accordion-icon-opened\"><i class=\"fas fa-minus\"><\/i><\/span>\n\t\t\t\t\t\t\t\t\t\t\t\t\t\t<\/span>\n\t\t\t\t\t\t\t\t\t\t\t\t<a class=\"elementor-accordion-title\" tabindex=\"0\">Mit tegyek, ha le kell mondanom vagy m\u00f3dos\u00edtanom kell a k\u00f6lt\u00f6ztet\u00e9si id\u0151pontot?<\/a>\n\t\t\t\t\t<\/div>\n\t\t\t\t\t<div id=\"elementor-tab-content-1922\" class=\"elementor-tab-content elementor-clearfix\" data-tab=\"2\" role=\"region\" aria-labelledby=\"elementor-tab-title-1922\"><p>Amennyiben lemond\u00e1sra vagy m\u00f3dos\u00edt\u00e1sra van sz\u00fcks\u00e9g, k\u00e9rj\u00fck, min\u00e9l el\u0151bb jelezze ezt fel\u00e9nk. A m\u00f3dos\u00edt\u00e1sok \u00e9s lemond\u00e1sok d\u00edjmentesek, ha legal\u00e1bb 48 \u00f3r\u00e1val a k\u00f6lt\u00f6ztet\u00e9s el\u0151tt \u00e9rtes\u00edt minket. R\u00f6videbb id\u0151n bel\u00fcl \u00e9rkez\u0151 \u00e9rtes\u00edt\u00e9s eset\u00e9n d\u00edjak lehetnek \u00e9rv\u00e9nyesek.<\/p><\/div>\n\t\t\t\t<\/div>\n\t\t\t\t\t\t\t<div class=\"elementor-accordion-item\">\n\t\t\t\t\t<div id=\"elementor-tab-title-1923\" class=\"elementor-tab-title\" data-tab=\"3\" role=\"button\" aria-controls=\"elementor-tab-content-1923\" aria-expanded=\"false\">\n\t\t\t\t\t\t\t\t\t\t\t\t\t<span class=\"elementor-accordion-icon elementor-accordion-icon-left\" aria-hidden=\"true\">\n\t\t\t\t\t\t\t\t\t\t\t\t\t\t\t<span class=\"elementor-accordion-icon-closed\"><i class=\"fas fa-plus\"><\/i><\/span>\n\t\t\t\t\t\t\t\t<span class=\"elementor-accordion-icon-opened\"><i class=\"fas fa-minus\"><\/i><\/span>\n\t\t\t\t\t\t\t\t\t\t\t\t\t\t<\/span>\n\t\t\t\t\t\t\t\t\t\t\t\t<a class=\"elementor-accordion-title\" tabindex=\"0\">Milyen extra szolg\u00e1ltat\u00e1sokat k\u00edn\u00e1lnak?<\/a>\n\t\t\t\t\t<\/div>\n\t\t\t\t\t<div id=\"elementor-tab-content-1923\" class=\"elementor-tab-content elementor-clearfix\" data-tab=\"3\" role=\"region\" aria-labelledby=\"elementor-tab-title-1923\"><p>Extra sz\u00e1ltat\u00e1saink k\u00f6z\u00e9 tartozik a csomagol\u00e1s, b\u00fatorok szerel\u00e9se \u00e9s \u00f6sszeszerel\u00e9se, t\u00e1rol\u00e1s, valamint speci\u00e1lis t\u00e1rgyak, mint p\u00e9ld\u00e1ul zongor\u00e1k vagy m\u0171t\u00e1rgyak k\u00f6lt\u00f6ztet\u00e9se. K\u00e9rj\u00fck, jelezze el\u0151re, ha ilyen szolg\u00e1ltat\u00e1sokra van sz\u00fcks\u00e9ge, hogy felk\u00e9sz\u00fclhess\u00fcnk \u00e9s pontos \u00e1raj\u00e1nlatot adhassunk.<\/p><\/div>\n\t\t\t\t<\/div>\n\t\t\t\t\t\t\t<div class=\"elementor-accordion-item\">\n\t\t\t\t\t<div id=\"elementor-tab-title-1924\" class=\"elementor-tab-title\" data-tab=\"4\" role=\"button\" aria-controls=\"elementor-tab-content-1924\" aria-expanded=\"false\">\n\t\t\t\t\t\t\t\t\t\t\t\t\t<span class=\"elementor-accordion-icon elementor-accordion-icon-left\" aria-hidden=\"true\">\n\t\t\t\t\t\t\t\t\t\t\t\t\t\t\t<span class=\"elementor-accordion-icon-closed\"><i class=\"fas fa-plus\"><\/i><\/span>\n\t\t\t\t\t\t\t\t<span class=\"elementor-accordion-icon-opened\"><i class=\"fas fa-minus\"><\/i><\/span>\n\t\t\t\t\t\t\t\t\t\t\t\t\t\t<\/span>\n\t\t\t\t\t\t\t\t\t\t\t\t<a class=\"elementor-accordion-title\" tabindex=\"0\">Hogyan garant\u00e1lj\u00e1k a k\u00e9zbes\u00edt\u00e9si hat\u00e1rid\u0151t?<\/a>\n\t\t\t\t\t<\/div>\n\t\t\t\t\t<div id=\"elementor-tab-content-1924\" class=\"elementor-tab-content elementor-clearfix\" data-tab=\"4\" role=\"region\" aria-labelledby=\"elementor-tab-title-1924\"><p>Tapasztalt szakembereink \u00e9s a modern j\u00e1rm\u0171parkunk garant\u00e1lja, hogy a k\u00f6lt\u00f6ztet\u00e9s a tervezett hat\u00e1rid\u0151re megt\u00f6rt\u00e9njen. Amennyiben v\u00e1ratlan helyzetek mer\u00fclnek fel, halad\u00e9ktalanul \u00e9rtes\u00edtj\u00fck \u00d6nt \u00e9s egy\u00fctt megbesz\u00e9lj\u00fck a legmegfelel\u0151bb megold\u00e1st.<\/p><\/div>\n\t\t\t\t<\/div>\n\t\t\t\t\t\t\t<div class=\"elementor-accordion-item\">\n\t\t\t\t\t<div id=\"elementor-tab-title-1925\" class=\"elementor-tab-title\" data-tab=\"5\" role=\"button\" aria-controls=\"elementor-tab-content-1925\" aria-expanded=\"false\">\n\t\t\t\t\t\t\t\t\t\t\t\t\t<span class=\"elementor-accordion-icon elementor-accordion-icon-left\" aria-hidden=\"true\">\n\t\t\t\t\t\t\t\t\t\t\t\t\t\t\t<span class=\"elementor-accordion-icon-closed\"><i class=\"fas fa-plus\"><\/i><\/span>\n\t\t\t\t\t\t\t\t<span class=\"elementor-accordion-icon-opened\"><i class=\"fas fa-minus\"><\/i><\/span>\n\t\t\t\t\t\t\t\t\t\t\t\t\t\t<\/span>\n\t\t\t\t\t\t\t\t\t\t\t\t<a class=\"elementor-accordion-title\" tabindex=\"0\">Hogyan kezelik a k\u00fcl\u00f6nleges vagy \u00e9rt\u00e9kes t\u00e1rgyakat?<\/a>\n\t\t\t\t\t<\/div>\n\t\t\t\t\t<div id=\"elementor-tab-content-1925\" class=\"elementor-tab-content elementor-clearfix\" data-tab=\"5\" role=\"region\" aria-labelledby=\"elementor-tab-title-1925\"><p>Minden k\u00f6lt\u00f6ztet\u00e9s sor\u00e1n k\u00fcl\u00f6n\u00f6s gondot ford\u00edtunk az \u00e9rt\u00e9kes vagy k\u00fcl\u00f6nleges t\u00e1rgyak biztons\u00e1gos sz\u00e1ll\u00edt\u00e1s\u00e1ra. Speci\u00e1lis csomagol\u00f3anyagokkal \u00e9s technik\u00e1kkal v\u00e9dekez\u00fcnk a s\u00e9r\u00fcl\u00e9sek ellen, \u00e9s minden esetben a lehet\u0151 legnagyobb k\u00f6r\u00fcltekint\u00e9ssel j\u00e1runk el. Amennyiben extra v\u00e9delemre van sz\u00fcks\u00e9g, k\u00e9rj\u00fck, jelezze ezt el\u0151re, hogy felk\u00e9sz\u00fclhess\u00fcnk.<\/p><\/div>\n\t\t\t\t<\/div>\n\t\t\t\t\t\t\t\t<\/div>\n\t\t\t\t<\/div>\n\t\t\t\t<\/div>\n\t\t\t\t\t<\/div>\n\t\t<\/div>\n\t\t\t\t\t<\/div>\n\t\t<\/section>\n\t\t\t\t\t<\/div>\n\t\t<\/div>\n\t\t\t\t\t<\/div>\n\t\t<\/section>\n\t\t\t\t<\/div>","protected":false},"excerpt":{"rendered":"<p>Gyakran Ism\u00e9telt K\u00e9rd\u00e9sek Mennyibe ker\u00fcl a k\u00f6lt\u00f6ztet\u00e9s? A k\u00f6lt\u00f6ztet\u00e9s k\u00f6lts\u00e9gei v\u00e1ltoz\u00f3ak \u00e9s t\u00f6bb t\u00e9nyez\u0151t\u0151l f\u00fcggenek, mint p\u00e9ld\u00e1ul a t\u00e1vols\u00e1g, a rakod\u00f3 \u00e9s pakol\u00f3 munk\u00e1k id\u0151tartama, az \u00e1ruk mennyis\u00e9ge \u00e9s m\u00e9rete, valamint az extra szolg\u00e1ltat\u00e1sok ig\u00e9nyl\u00e9se. K\u00e9rj\u00fck, vegye fel vel\u00fcnk a kapcsolatot egy pontos \u00e1raj\u00e1nlat\u00e9rt. Hogyan k\u00e9sz\u00fcljek fel a k\u00f6lt\u00f6ztet\u00e9sre? A k\u00f6lt\u00f6ztet\u00e9s el\u0151tt \u00e9rdemes id\u0151ben elkezdeni [&hellip;]<\/p>","protected":false},"author":3,"featured_media":0,"parent":0,"menu_order":0,"comment_status":"closed","ping_status":"closed","template":"","meta":{"footnotes":""},"class_list":["post-473","page","type-page","status-publish","hentry"],"yoast_head":"<!-- This site is optimized with the Yoast SEO plugin v23.6 - https:\/\/yoast.com\/wordpress\/plugins\/seo\/ -->\n<title>Gyakran Ism\u00e9telt K\u00e9rd\u00e9sek - Pannon Pakk 66 Kft.<\/title>\n<meta name=\"robots\" content=\"noindex, follow, max-snippet:-1, max-image-preview:large, max-video-preview:-1\" \/>\n<meta property=\"og:locale\" content=\"en_GB\" \/>\n<meta property=\"og:type\" content=\"article\" \/>\n<meta property=\"og:title\" content=\"Gyakran Ism\u00e9telt K\u00e9rd\u00e9sek - Pannon Pakk 66 Kft.\" \/>\n<meta property=\"og:description\" content=\"Gyakran Ism\u00e9telt K\u00e9rd\u00e9sek Mennyibe ker\u00fcl a k\u00f6lt\u00f6ztet\u00e9s? A k\u00f6lt\u00f6ztet\u00e9s k\u00f6lts\u00e9gei v\u00e1ltoz\u00f3ak \u00e9s t\u00f6bb t\u00e9nyez\u0151t\u0151l f\u00fcggenek, mint p\u00e9ld\u00e1ul a t\u00e1vols\u00e1g, a rakod\u00f3 \u00e9s pakol\u00f3 munk\u00e1k id\u0151tartama, az \u00e1ruk mennyis\u00e9ge \u00e9s m\u00e9rete, valamint az extra szolg\u00e1ltat\u00e1sok ig\u00e9nyl\u00e9se. K\u00e9rj\u00fck, vegye fel vel\u00fcnk a kapcsolatot egy pontos \u00e1raj\u00e1nlat\u00e9rt. Hogyan k\u00e9sz\u00fcljek fel a k\u00f6lt\u00f6ztet\u00e9sre? A k\u00f6lt\u00f6ztet\u00e9s el\u0151tt \u00e9rdemes id\u0151ben elkezdeni [&hellip;]\" \/>\n<meta property=\"og:url\" content=\"https:\/\/pp66.hu\/en\/gyakran-ismetelt-kerdesek\/\" \/>\n<meta property=\"og:site_name\" content=\"Pannon Pakk 66 Kft.\" \/>\n<meta property=\"article:modified_time\" content=\"2023-07-27T11:18:26+00:00\" \/>\n<meta name=\"twitter:card\" content=\"summary_large_image\" \/>\n<meta name=\"twitter:label1\" content=\"Estimated reading time\" \/>\n\t<meta name=\"twitter:data1\" content=\"3 minutes\" \/>\n<script type=\"application\/ld+json\" class=\"yoast-schema-graph\">{\"@context\":\"https:\/\/schema.org\",\"@graph\":[{\"@type\":\"WebPage\",\"@id\":\"https:\/\/pp66.hu\/gyakran-ismetelt-kerdesek\/\",\"url\":\"https:\/\/pp66.hu\/gyakran-ismetelt-kerdesek\/\",\"name\":\"Gyakran Ism\u00e9telt K\u00e9rd\u00e9sek - Pannon Pakk 66 Kft.\",\"isPartOf\":{\"@id\":\"https:\/\/pp66.hu\/#website\"},\"datePublished\":\"2023-07-27T10:58:37+00:00\",\"dateModified\":\"2023-07-27T11:18:26+00:00\",\"breadcrumb\":{\"@id\":\"https:\/\/pp66.hu\/gyakran-ismetelt-kerdesek\/#breadcrumb\"},\"inLanguage\":\"en-GB\",\"potentialAction\":[{\"@type\":\"ReadAction\",\"target\":[\"https:\/\/pp66.hu\/gyakran-ismetelt-kerdesek\/\"]}]},{\"@type\":\"BreadcrumbList\",\"@id\":\"https:\/\/pp66.hu\/gyakran-ismetelt-kerdesek\/#breadcrumb\",\"itemListElement\":[{\"@type\":\"ListItem\",\"position\":1,\"name\":\"Kezd\u0151lap\",\"item\":\"https:\/\/pp66.hu\/\"},{\"@type\":\"ListItem\",\"position\":2,\"name\":\"Gyakran Ism\u00e9telt K\u00e9rd\u00e9sek\"}]},{\"@type\":\"WebSite\",\"@id\":\"https:\/\/pp66.hu\/#website\",\"url\":\"https:\/\/pp66.hu\/\",\"name\":\"Pannon Pakk 66 Kft.\",\"description\":\"K\u00f6lt\u00f6ztet\u00e9s - B\u00fatorsz\u00e1ll\u00edt\u00e1s - Rakt\u00e1roz\u00e1s - Szeged\",\"publisher\":{\"@id\":\"https:\/\/pp66.hu\/#organization\"},\"potentialAction\":[{\"@type\":\"SearchAction\",\"target\":{\"@type\":\"EntryPoint\",\"urlTemplate\":\"https:\/\/pp66.hu\/?s={search_term_string}\"},\"query-input\":{\"@type\":\"PropertyValueSpecification\",\"valueRequired\":true,\"valueName\":\"search_term_string\"}}],\"inLanguage\":\"en-GB\"},{\"@type\":\"Organization\",\"@id\":\"https:\/\/pp66.hu\/#organization\",\"name\":\"Pannon Pakk 66 Kft.\",\"url\":\"https:\/\/pp66.hu\/\",\"logo\":{\"@type\":\"ImageObject\",\"inLanguage\":\"en-GB\",\"@id\":\"https:\/\/pp66.hu\/#\/schema\/logo\/image\/\",\"url\":\"https:\/\/pp66.hu\/wp-content\/uploads\/2023\/06\/logo4-1.png\",\"contentUrl\":\"https:\/\/pp66.hu\/wp-content\/uploads\/2023\/06\/logo4-1.png\",\"width\":350,\"height\":100,\"caption\":\"Pannon Pakk 66 Kft.\"},\"image\":{\"@id\":\"https:\/\/pp66.hu\/#\/schema\/logo\/image\/\"}}]}<\/script>\n<!-- \/ Yoast SEO plugin. -->","yoast_head_json":{"title":"Gyakran Ism\u00e9telt K\u00e9rd\u00e9sek - Pannon Pakk 66 Kft.","robots":{"index":"noindex","follow":"follow","max-snippet":"max-snippet:-1","max-image-preview":"max-image-preview:large","max-video-preview":"max-video-preview:-1"},"og_locale":"en_GB","og_type":"article","og_title":"Gyakran Ism\u00e9telt K\u00e9rd\u00e9sek - Pannon Pakk 66 Kft.","og_description":"Gyakran Ism\u00e9telt K\u00e9rd\u00e9sek Mennyibe ker\u00fcl a k\u00f6lt\u00f6ztet\u00e9s? A k\u00f6lt\u00f6ztet\u00e9s k\u00f6lts\u00e9gei v\u00e1ltoz\u00f3ak \u00e9s t\u00f6bb t\u00e9nyez\u0151t\u0151l f\u00fcggenek, mint p\u00e9ld\u00e1ul a t\u00e1vols\u00e1g, a rakod\u00f3 \u00e9s pakol\u00f3 munk\u00e1k id\u0151tartama, az \u00e1ruk mennyis\u00e9ge \u00e9s m\u00e9rete, valamint az extra szolg\u00e1ltat\u00e1sok ig\u00e9nyl\u00e9se. K\u00e9rj\u00fck, vegye fel vel\u00fcnk a kapcsolatot egy pontos \u00e1raj\u00e1nlat\u00e9rt. Hogyan k\u00e9sz\u00fcljek fel a k\u00f6lt\u00f6ztet\u00e9sre? A k\u00f6lt\u00f6ztet\u00e9s el\u0151tt \u00e9rdemes id\u0151ben elkezdeni [&hellip;]","og_url":"https:\/\/pp66.hu\/en\/gyakran-ismetelt-kerdesek\/","og_site_name":"Pannon Pakk 66 Kft.","article_modified_time":"2023-07-27T11:18:26+00:00","twitter_card":"summary_large_image","twitter_misc":{"Estimated reading time":"3 minutes"},"schema":{"@context":"https:\/\/schema.org","@graph":[{"@type":"WebPage","@id":"https:\/\/pp66.hu\/gyakran-ismetelt-kerdesek\/","url":"https:\/\/pp66.hu\/gyakran-ismetelt-kerdesek\/","name":"Gyakran Ism\u00e9telt K\u00e9rd\u00e9sek - Pannon Pakk 66 Kft.","isPartOf":{"@id":"https:\/\/pp66.hu\/#website"},"datePublished":"2023-07-27T10:58:37+00:00","dateModified":"2023-07-27T11:18:26+00:00","breadcrumb":{"@id":"https:\/\/pp66.hu\/gyakran-ismetelt-kerdesek\/#breadcrumb"},"inLanguage":"en-GB","potentialAction":[{"@type":"ReadAction","target":["https:\/\/pp66.hu\/gyakran-ismetelt-kerdesek\/"]}]},{"@type":"BreadcrumbList","@id":"https:\/\/pp66.hu\/gyakran-ismetelt-kerdesek\/#breadcrumb","itemListElement":[{"@type":"ListItem","position":1,"name":"Kezd\u0151lap","item":"https:\/\/pp66.hu\/"},{"@type":"ListItem","position":2,"name":"Gyakran Ism\u00e9telt K\u00e9rd\u00e9sek"}]},{"@type":"WebSite","@id":"https:\/\/pp66.hu\/#website","url":"https:\/\/pp66.hu\/","name":"Pannon Pakk 66 Kft.","description":"K\u00f6lt\u00f6ztet\u00e9s - B\u00fatorsz\u00e1ll\u00edt\u00e1s - Rakt\u00e1roz\u00e1s - Szeged","publisher":{"@id":"https:\/\/pp66.hu\/#organization"},"potentialAction":[{"@type":"SearchAction","target":{"@type":"EntryPoint","urlTemplate":"https:\/\/pp66.hu\/?s={search_term_string}"},"query-input":{"@type":"PropertyValueSpecification","valueRequired":true,"valueName":"search_term_string"}}],"inLanguage":"en-GB"},{"@type":"Organization","@id":"https:\/\/pp66.hu\/#organization","name":"Pannon Pakk 66 Kft.","url":"https:\/\/pp66.hu\/","logo":{"@type":"ImageObject","inLanguage":"en-GB","@id":"https:\/\/pp66.hu\/#\/schema\/logo\/image\/","url":"https:\/\/pp66.hu\/wp-content\/uploads\/2023\/06\/logo4-1.png","contentUrl":"https:\/\/pp66.hu\/wp-content\/uploads\/2023\/06\/logo4-1.png","width":350,"height":100,"caption":"Pannon Pakk 66 Kft."},"image":{"@id":"https:\/\/pp66.hu\/#\/schema\/logo\/image\/"}}]}},"_links":{"self":[{"href":"https:\/\/pp66.hu\/en\/wp-json\/wp\/v2\/pages\/473","targetHints":{"allow":["GET"]}}],"collection":[{"href":"https:\/\/pp66.hu\/en\/wp-json\/wp\/v2\/pages"}],"about":[{"href":"https:\/\/pp66.hu\/en\/wp-json\/wp\/v2\/types\/page"}],"author":[{"embeddable":true,"href":"https:\/\/pp66.hu\/en\/wp-json\/wp\/v2\/users\/3"}],"replies":[{"embeddable":true,"href":"https:\/\/pp66.hu\/en\/wp-json\/wp\/v2\/comments?post=473"}],"version-history":[{"count":4,"href":"https:\/\/pp66.hu\/en\/wp-json\/wp\/v2\/pages\/473\/revisions"}],"predecessor-version":[{"id":478,"href":"https:\/\/pp66.hu\/en\/wp-json\/wp\/v2\/pages\/473\/revisions\/478"}],"wp:attachment":[{"href":"https:\/\/pp66.hu\/en\/wp-json\/wp\/v2\/media?parent=473"}],"curies":[{"name":"wp","href":"https:\/\/api.w.org\/{rel}","templated":true}]}}