{"id":493,"date":"2023-07-27T14:57:58","date_gmt":"2023-07-27T12:57:58","guid":{"rendered":"https:\/\/pp66.hu\/?page_id=493"},"modified":"2023-09-15T14:31:26","modified_gmt":"2023-09-15T12:31:26","slug":"dijmentes-rekeszhasznalat","status":"publish","type":"page","link":"https:\/\/pp66.hu\/en\/dijmentes-rekeszhasznalat\/","title":{"rendered":"D\u00edjmentes rekeszhaszn\u00e1lat"},"content":{"rendered":"<div data-elementor-type=\"wp-page\" data-elementor-id=\"493\" class=\"elementor elementor-493\" data-elementor-post-type=\"page\">\n\t\t\t\t\t\t<section class=\"elementor-section elementor-top-section elementor-element elementor-element-888f075 elementor-section-boxed elementor-section-height-default elementor-section-height-default\" data-id=\"888f075\" data-element_type=\"section\">\n\t\t\t\t\t\t<div class=\"elementor-container elementor-column-gap-default\">\n\t\t\t\t\t<div class=\"elementor-column elementor-col-100 elementor-top-column elementor-element elementor-element-17b0f5a\" data-id=\"17b0f5a\" data-element_type=\"column\">\n\t\t\t<div class=\"elementor-widget-wrap elementor-element-populated\">\n\t\t\t\t\t\t<div class=\"elementor-element elementor-element-5c25468 elementor-widget elementor-widget-heading\" data-id=\"5c25468\" data-element_type=\"widget\" data-widget_type=\"heading.default\">\n\t\t\t\t<div class=\"elementor-widget-container\">\n\t\t\t<h2 class=\"elementor-heading-title elementor-size-default\">A d\u00edjmentes rekeszhaszn\u00e1latr\u00f3l\n<\/h2>\t\t<\/div>\n\t\t\t\t<\/div>\n\t\t\t\t<div class=\"elementor-element elementor-element-3184cd0 elementor-widget elementor-widget-heading\" data-id=\"3184cd0\" data-element_type=\"widget\" data-widget_type=\"heading.default\">\n\t\t\t\t<div class=\"elementor-widget-container\">\n\t\t\t<h3 class=\"elementor-heading-title elementor-size-default\">M\u0171anyag rekeszeket biztos\u00edtunk csomagol\u00e1shoz<\/h3>\t\t<\/div>\n\t\t\t\t<\/div>\n\t\t\t\t\t<\/div>\n\t\t<\/div>\n\t\t\t\t\t<\/div>\n\t\t<\/section>\n\t\t<div class=\"elementor-element elementor-element-93f83dc e-flex e-con-boxed e-con e-parent\" data-id=\"93f83dc\" data-element_type=\"container\">\n\t\t\t\t\t<div class=\"e-con-inner\">\n\t\t<div class=\"elementor-element elementor-element-3482a6f e-con-full e-flex e-con e-child\" data-id=\"3482a6f\" data-element_type=\"container\">\n\t\t\t\t<div class=\"elementor-element elementor-element-6146598 elementor-widget elementor-widget-image\" data-id=\"6146598\" data-element_type=\"widget\" data-widget_type=\"image.default\">\n\t\t\t\t<div class=\"elementor-widget-container\">\n\t\t\t\t\t\t\t\t\t\t\t\t\t<img fetchpriority=\"high\" decoding=\"async\" width=\"1024\" height=\"1024\" src=\"https:\/\/pp66.hu\/wp-content\/uploads\/2023\/07\/rekesz.jpg\" class=\"attachment-full size-full wp-image-497\" alt=\"\" srcset=\"https:\/\/pp66.hu\/wp-content\/uploads\/2023\/07\/rekesz.jpg 1024w, https:\/\/pp66.hu\/wp-content\/uploads\/2023\/07\/rekesz-300x300.jpg 300w, https:\/\/pp66.hu\/wp-content\/uploads\/2023\/07\/rekesz-150x150.jpg 150w, https:\/\/pp66.hu\/wp-content\/uploads\/2023\/07\/rekesz-768x768.jpg 768w\" sizes=\"(max-width: 1024px) 100vw, 1024px\" \/>\t\t\t\t\t\t\t\t\t\t\t\t\t<\/div>\n\t\t\t\t<\/div>\n\t\t\t\t<\/div>\n\t\t<div class=\"elementor-element elementor-element-8bf315b e-con-full e-flex e-con e-child\" data-id=\"8bf315b\" data-element_type=\"container\">\n\t\t<div class=\"elementor-element elementor-element-85f318d e-con-full e-flex e-con e-child\" data-id=\"85f318d\" data-element_type=\"container\">\n\t\t<div class=\"elementor-element elementor-element-071a581 e-con-full e-flex e-con e-child\" data-id=\"071a581\" data-element_type=\"container\">\n\t\t\t\t<div class=\"elementor-element elementor-element-4e12ec6 elementor-view-default elementor-widget elementor-widget-icon\" data-id=\"4e12ec6\" data-element_type=\"widget\" data-widget_type=\"icon.default\">\n\t\t\t\t<div class=\"elementor-widget-container\">\n\t\t\t\t\t<div class=\"elementor-icon-wrapper\">\n\t\t\t<div class=\"elementor-icon\">\n\t\t\t<i aria-hidden=\"true\" class=\"fas fa-inbox\"><\/i>\t\t\t<\/div>\n\t\t<\/div>\n\t\t\t\t<\/div>\n\t\t\t\t<\/div>\n\t\t\t\t<div class=\"elementor-element elementor-element-034a970 elementor-widget elementor-widget-icon-box\" data-id=\"034a970\" data-element_type=\"widget\" data-widget_type=\"icon-box.default\">\n\t\t\t\t<div class=\"elementor-widget-container\">\n\t\t\t\t\t<div class=\"elementor-icon-box-wrapper\">\n\n\t\t\t\n\t\t\t\t\t\t<div class=\"elementor-icon-box-content\">\n\n\t\t\t\t\t\t\t\t\t<h3 class=\"elementor-icon-box-title\">\n\t\t\t\t\t\t<span  >\n\t\t\t\t\t\t\t1) D\u00edjmentesen az al\u00e1bbi felt\u00e9telekkel vehet\u0151 ig\u00e9nybe a szolg\u00e1ltat\u00e1s:\t\t\t\t\t\t<\/span>\n\t\t\t\t\t<\/h3>\n\t\t\t\t\n\t\t\t\t\t\t\t\t\t<p class=\"elementor-icon-box-description\">\n\t\t\t\t\t\t\u2013         1-1 ki- \u00e9s visszasz\u00e1ll\u00edt\u00e1s k\u00e9rhet\u0151 d\u00edjmentesen. A rekeszeket a k\u00f6lt\u00f6ztet\u00e9s el\u0151tt \u00e9s ut\u00e1n 1-1 h\u00e9tig lehet haszn\u00e1lni.\n\u2013         Ki- \u00e9s visszasz\u00e1ll\u00edt\u00e1s: \u00fcnnepnapok kiv\u00e9tel\u00e9vel h\u00e9tf\u0151t\u0151l p\u00e9ntekig 12:00 \u00e9s 18:00 \u00f3ra k\u00f6z\u00f6tt t\u00f6rt\u00e9nik.\n\u2013         Ha a rekeszek ki\u00fcr\u00fcltek, a Megrendel\u0151nek kell jelentkeznie a\nvisszasz\u00e1ll\u00edt\u00e1s egyeztet\u00e9s\u00e9hez.\t\t\t\t\t<\/p>\n\t\t\t\t\n\t\t\t<\/div>\n\t\t\t\n\t\t<\/div>\n\t\t\t\t<\/div>\n\t\t\t\t<\/div>\n\t\t\t\t<\/div>\n\t\t<div class=\"elementor-element elementor-element-2684c90 e-con-full e-flex e-con e-child\" data-id=\"2684c90\" data-element_type=\"container\">\n\t\t\t\t<div class=\"elementor-element elementor-element-56b878e elementor-view-default elementor-widget elementor-widget-icon\" data-id=\"56b878e\" data-element_type=\"widget\" data-widget_type=\"icon.default\">\n\t\t\t\t<div class=\"elementor-widget-container\">\n\t\t\t\t\t<div class=\"elementor-icon-wrapper\">\n\t\t\t<div class=\"elementor-icon\">\n\t\t\t<i aria-hidden=\"true\" class=\"fas fa-inbox\"><\/i>\t\t\t<\/div>\n\t\t<\/div>\n\t\t\t\t<\/div>\n\t\t\t\t<\/div>\n\t\t\t\t<div class=\"elementor-element elementor-element-7a2779f elementor-widget elementor-widget-icon-box\" data-id=\"7a2779f\" data-element_type=\"widget\" data-widget_type=\"icon-box.default\">\n\t\t\t\t<div class=\"elementor-widget-container\">\n\t\t\t\t\t<div class=\"elementor-icon-box-wrapper\">\n\n\t\t\t\n\t\t\t\t\t\t<div class=\"elementor-icon-box-content\">\n\n\t\t\t\t\t\t\t\t\t<h3 class=\"elementor-icon-box-title\">\n\t\t\t\t\t\t<span  >\n\t\t\t\t\t\t\t2) B\u00e9rleti d\u00edj, plusz sz\u00e1ll\u00edt\u00e1si alkalom:\t\t\t\t\t\t<\/span>\n\t\t\t\t\t<\/h3>\n\t\t\t\t\n\t\t\t\t\t\t\t\t\t<p class=\"elementor-icon-box-description\">\n\t\t\t\t\t\t\u2013         A plusz sz\u00e1ll\u00edt\u00e1si alkalmak d\u00edja: 4.000 Ft\/alkalom.\n\u2013         A rekeszek b\u00e9rleti d\u00edja: 5 Ft\/db\/nap\n(minimum 6.000 Ft b\u00e9rleti d\u00edjat sz\u00e1molunk fel, akkor is, ha ezt nem\n\u00e9ri el az \u00f6sszes\u00edtett b\u00e9rleti d\u00edj).\t\t\t\t\t<\/p>\n\t\t\t\t\n\t\t\t<\/div>\n\t\t\t\n\t\t<\/div>\n\t\t\t\t<\/div>\n\t\t\t\t<\/div>\n\t\t\t\t<\/div>\n\t\t\t\t<\/div>\n\t\t\t\t<div class=\"elementor-element elementor-element-1b857aa elementor-widget__width-initial elementor-widget elementor-widget-text-editor\" data-id=\"1b857aa\" data-element_type=\"widget\" data-widget_type=\"text-editor.default\">\n\t\t\t\t<div class=\"elementor-widget-container\">\n\t\t\t\t\t\t\t<p><b>&#8211; M30 szabv\u00e1ny rekeszeket haszn\u00e1lunk melyek m\u00e9rete: <br \/>40 cm sz\u00e9les, 60 cm hossz\u00fa, 30 cm m\u00e9ly.<br \/>\u2013 A rekeszekbe csak annyit pakoljon, hogy biztons\u00e1gosan egym\u00e1sra lehessen rakni \u0151ket \u00e9s \u00fcgyeljen a tisztas\u00e1gukra.<\/b><\/p>\t\t\t\t\t\t<\/div>\n\t\t\t\t<\/div>\n\t\t\t\t<\/div>\n\t\t\t\t\t<\/div>\n\t\t\t\t<\/div>\n\t\t\t\t<\/div>","protected":false},"excerpt":{"rendered":"<p>A d\u00edjmentes rekeszhaszn\u00e1latr\u00f3l M\u0171anyag rekeszeket biztos\u00edtunk csomagol\u00e1shoz 1) D\u00edjmentesen az al\u00e1bbi felt\u00e9telekkel vehet\u0151 ig\u00e9nybe a szolg\u00e1ltat\u00e1s: \u2013 1-1 ki- \u00e9s visszasz\u00e1ll\u00edt\u00e1s k\u00e9rhet\u0151 d\u00edjmentesen. A rekeszeket a k\u00f6lt\u00f6ztet\u00e9s el\u0151tt \u00e9s ut\u00e1n 1-1 h\u00e9tig lehet haszn\u00e1lni. \u2013 Ki- \u00e9s visszasz\u00e1ll\u00edt\u00e1s: \u00fcnnepnapok kiv\u00e9tel\u00e9vel h\u00e9tf\u0151t\u0151l p\u00e9ntekig 12:00 \u00e9s 18:00 \u00f3ra k\u00f6z\u00f6tt t\u00f6rt\u00e9nik. \u2013 Ha a rekeszek ki\u00fcr\u00fcltek, a Megrendel\u0151nek [&hellip;]<\/p>","protected":false},"author":3,"featured_media":0,"parent":0,"menu_order":0,"comment_status":"closed","ping_status":"closed","template":"","meta":{"footnotes":""},"class_list":["post-493","page","type-page","status-publish","hentry"],"yoast_head":"<!-- This site is optimized with the Yoast SEO plugin v23.6 - https:\/\/yoast.com\/wordpress\/plugins\/seo\/ -->\n<title>D\u00edjmentes rekeszhaszn\u00e1lat - Pannon Pakk 66 Kft.<\/title>\n<meta name=\"robots\" content=\"noindex, follow, max-snippet:-1, max-image-preview:large, max-video-preview:-1\" \/>\n<meta property=\"og:locale\" content=\"en_GB\" \/>\n<meta property=\"og:type\" content=\"article\" \/>\n<meta property=\"og:title\" content=\"D\u00edjmentes rekeszhaszn\u00e1lat - Pannon Pakk 66 Kft.\" \/>\n<meta property=\"og:description\" content=\"A d\u00edjmentes rekeszhaszn\u00e1latr\u00f3l M\u0171anyag rekeszeket biztos\u00edtunk csomagol\u00e1shoz 1) D\u00edjmentesen az al\u00e1bbi felt\u00e9telekkel vehet\u0151 ig\u00e9nybe a szolg\u00e1ltat\u00e1s: \u2013 1-1 ki- \u00e9s visszasz\u00e1ll\u00edt\u00e1s k\u00e9rhet\u0151 d\u00edjmentesen. A rekeszeket a k\u00f6lt\u00f6ztet\u00e9s el\u0151tt \u00e9s ut\u00e1n 1-1 h\u00e9tig lehet haszn\u00e1lni. \u2013 Ki- \u00e9s visszasz\u00e1ll\u00edt\u00e1s: \u00fcnnepnapok kiv\u00e9tel\u00e9vel h\u00e9tf\u0151t\u0151l p\u00e9ntekig 12:00 \u00e9s 18:00 \u00f3ra k\u00f6z\u00f6tt t\u00f6rt\u00e9nik. \u2013 Ha a rekeszek ki\u00fcr\u00fcltek, a Megrendel\u0151nek [&hellip;]\" \/>\n<meta property=\"og:url\" content=\"https:\/\/pp66.hu\/en\/dijmentes-rekeszhasznalat\/\" \/>\n<meta property=\"og:site_name\" content=\"Pannon Pakk 66 Kft.\" \/>\n<meta property=\"article:modified_time\" content=\"2023-09-15T12:31:26+00:00\" \/>\n<meta property=\"og:image\" content=\"https:\/\/pp66.hu\/wp-content\/uploads\/2023\/07\/rekesz.jpg\" \/>\n<meta name=\"twitter:card\" content=\"summary_large_image\" \/>\n<meta name=\"twitter:label1\" content=\"Estimated reading time\" \/>\n\t<meta name=\"twitter:data1\" content=\"1 minute\" \/>\n<script type=\"application\/ld+json\" class=\"yoast-schema-graph\">{\"@context\":\"https:\/\/schema.org\",\"@graph\":[{\"@type\":\"WebPage\",\"@id\":\"https:\/\/pp66.hu\/dijmentes-rekeszhasznalat\/\",\"url\":\"https:\/\/pp66.hu\/dijmentes-rekeszhasznalat\/\",\"name\":\"D\u00edjmentes rekeszhaszn\u00e1lat - Pannon Pakk 66 Kft.\",\"isPartOf\":{\"@id\":\"https:\/\/pp66.hu\/#website\"},\"primaryImageOfPage\":{\"@id\":\"https:\/\/pp66.hu\/dijmentes-rekeszhasznalat\/#primaryimage\"},\"image\":{\"@id\":\"https:\/\/pp66.hu\/dijmentes-rekeszhasznalat\/#primaryimage\"},\"thumbnailUrl\":\"https:\/\/pp66.hu\/wp-content\/uploads\/2023\/07\/rekesz.jpg\",\"datePublished\":\"2023-07-27T12:57:58+00:00\",\"dateModified\":\"2023-09-15T12:31:26+00:00\",\"breadcrumb\":{\"@id\":\"https:\/\/pp66.hu\/dijmentes-rekeszhasznalat\/#breadcrumb\"},\"inLanguage\":\"en-GB\",\"potentialAction\":[{\"@type\":\"ReadAction\",\"target\":[\"https:\/\/pp66.hu\/dijmentes-rekeszhasznalat\/\"]}]},{\"@type\":\"ImageObject\",\"inLanguage\":\"en-GB\",\"@id\":\"https:\/\/pp66.hu\/dijmentes-rekeszhasznalat\/#primaryimage\",\"url\":\"https:\/\/pp66.hu\/wp-content\/uploads\/2023\/07\/rekesz.jpg\",\"contentUrl\":\"https:\/\/pp66.hu\/wp-content\/uploads\/2023\/07\/rekesz.jpg\"},{\"@type\":\"BreadcrumbList\",\"@id\":\"https:\/\/pp66.hu\/dijmentes-rekeszhasznalat\/#breadcrumb\",\"itemListElement\":[{\"@type\":\"ListItem\",\"position\":1,\"name\":\"Kezd\u0151lap\",\"item\":\"https:\/\/pp66.hu\/\"},{\"@type\":\"ListItem\",\"position\":2,\"name\":\"D\u00edjmentes rekeszhaszn\u00e1lat\"}]},{\"@type\":\"WebSite\",\"@id\":\"https:\/\/pp66.hu\/#website\",\"url\":\"https:\/\/pp66.hu\/\",\"name\":\"Pannon Pakk 66 Kft.\",\"description\":\"K\u00f6lt\u00f6ztet\u00e9s - B\u00fatorsz\u00e1ll\u00edt\u00e1s - Rakt\u00e1roz\u00e1s - Szeged\",\"publisher\":{\"@id\":\"https:\/\/pp66.hu\/#organization\"},\"potentialAction\":[{\"@type\":\"SearchAction\",\"target\":{\"@type\":\"EntryPoint\",\"urlTemplate\":\"https:\/\/pp66.hu\/?s={search_term_string}\"},\"query-input\":{\"@type\":\"PropertyValueSpecification\",\"valueRequired\":true,\"valueName\":\"search_term_string\"}}],\"inLanguage\":\"en-GB\"},{\"@type\":\"Organization\",\"@id\":\"https:\/\/pp66.hu\/#organization\",\"name\":\"Pannon Pakk 66 Kft.\",\"url\":\"https:\/\/pp66.hu\/\",\"logo\":{\"@type\":\"ImageObject\",\"inLanguage\":\"en-GB\",\"@id\":\"https:\/\/pp66.hu\/#\/schema\/logo\/image\/\",\"url\":\"https:\/\/pp66.hu\/wp-content\/uploads\/2023\/06\/logo4-1.png\",\"contentUrl\":\"https:\/\/pp66.hu\/wp-content\/uploads\/2023\/06\/logo4-1.png\",\"width\":350,\"height\":100,\"caption\":\"Pannon Pakk 66 Kft.\"},\"image\":{\"@id\":\"https:\/\/pp66.hu\/#\/schema\/logo\/image\/\"}}]}<\/script>\n<!-- \/ Yoast SEO plugin. -->","yoast_head_json":{"title":"D\u00edjmentes rekeszhaszn\u00e1lat - Pannon Pakk 66 Kft.","robots":{"index":"noindex","follow":"follow","max-snippet":"max-snippet:-1","max-image-preview":"max-image-preview:large","max-video-preview":"max-video-preview:-1"},"og_locale":"en_GB","og_type":"article","og_title":"D\u00edjmentes rekeszhaszn\u00e1lat - Pannon Pakk 66 Kft.","og_description":"A d\u00edjmentes rekeszhaszn\u00e1latr\u00f3l M\u0171anyag rekeszeket biztos\u00edtunk csomagol\u00e1shoz 1) D\u00edjmentesen az al\u00e1bbi felt\u00e9telekkel vehet\u0151 ig\u00e9nybe a szolg\u00e1ltat\u00e1s: \u2013 1-1 ki- \u00e9s visszasz\u00e1ll\u00edt\u00e1s k\u00e9rhet\u0151 d\u00edjmentesen. A rekeszeket a k\u00f6lt\u00f6ztet\u00e9s el\u0151tt \u00e9s ut\u00e1n 1-1 h\u00e9tig lehet haszn\u00e1lni. \u2013 Ki- \u00e9s visszasz\u00e1ll\u00edt\u00e1s: \u00fcnnepnapok kiv\u00e9tel\u00e9vel h\u00e9tf\u0151t\u0151l p\u00e9ntekig 12:00 \u00e9s 18:00 \u00f3ra k\u00f6z\u00f6tt t\u00f6rt\u00e9nik. \u2013 Ha a rekeszek ki\u00fcr\u00fcltek, a Megrendel\u0151nek [&hellip;]","og_url":"https:\/\/pp66.hu\/en\/dijmentes-rekeszhasznalat\/","og_site_name":"Pannon Pakk 66 Kft.","article_modified_time":"2023-09-15T12:31:26+00:00","og_image":[{"url":"https:\/\/pp66.hu\/wp-content\/uploads\/2023\/07\/rekesz.jpg"}],"twitter_card":"summary_large_image","twitter_misc":{"Estimated reading time":"1 minute"},"schema":{"@context":"https:\/\/schema.org","@graph":[{"@type":"WebPage","@id":"https:\/\/pp66.hu\/dijmentes-rekeszhasznalat\/","url":"https:\/\/pp66.hu\/dijmentes-rekeszhasznalat\/","name":"D\u00edjmentes rekeszhaszn\u00e1lat - Pannon Pakk 66 Kft.","isPartOf":{"@id":"https:\/\/pp66.hu\/#website"},"primaryImageOfPage":{"@id":"https:\/\/pp66.hu\/dijmentes-rekeszhasznalat\/#primaryimage"},"image":{"@id":"https:\/\/pp66.hu\/dijmentes-rekeszhasznalat\/#primaryimage"},"thumbnailUrl":"https:\/\/pp66.hu\/wp-content\/uploads\/2023\/07\/rekesz.jpg","datePublished":"2023-07-27T12:57:58+00:00","dateModified":"2023-09-15T12:31:26+00:00","breadcrumb":{"@id":"https:\/\/pp66.hu\/dijmentes-rekeszhasznalat\/#breadcrumb"},"inLanguage":"en-GB","potentialAction":[{"@type":"ReadAction","target":["https:\/\/pp66.hu\/dijmentes-rekeszhasznalat\/"]}]},{"@type":"ImageObject","inLanguage":"en-GB","@id":"https:\/\/pp66.hu\/dijmentes-rekeszhasznalat\/#primaryimage","url":"https:\/\/pp66.hu\/wp-content\/uploads\/2023\/07\/rekesz.jpg","contentUrl":"https:\/\/pp66.hu\/wp-content\/uploads\/2023\/07\/rekesz.jpg"},{"@type":"BreadcrumbList","@id":"https:\/\/pp66.hu\/dijmentes-rekeszhasznalat\/#breadcrumb","itemListElement":[{"@type":"ListItem","position":1,"name":"Kezd\u0151lap","item":"https:\/\/pp66.hu\/"},{"@type":"ListItem","position":2,"name":"D\u00edjmentes rekeszhaszn\u00e1lat"}]},{"@type":"WebSite","@id":"https:\/\/pp66.hu\/#website","url":"https:\/\/pp66.hu\/","name":"Pannon Pakk 66 Kft.","description":"K\u00f6lt\u00f6ztet\u00e9s - B\u00fatorsz\u00e1ll\u00edt\u00e1s - Rakt\u00e1roz\u00e1s - Szeged","publisher":{"@id":"https:\/\/pp66.hu\/#organization"},"potentialAction":[{"@type":"SearchAction","target":{"@type":"EntryPoint","urlTemplate":"https:\/\/pp66.hu\/?s={search_term_string}"},"query-input":{"@type":"PropertyValueSpecification","valueRequired":true,"valueName":"search_term_string"}}],"inLanguage":"en-GB"},{"@type":"Organization","@id":"https:\/\/pp66.hu\/#organization","name":"Pannon Pakk 66 Kft.","url":"https:\/\/pp66.hu\/","logo":{"@type":"ImageObject","inLanguage":"en-GB","@id":"https:\/\/pp66.hu\/#\/schema\/logo\/image\/","url":"https:\/\/pp66.hu\/wp-content\/uploads\/2023\/06\/logo4-1.png","contentUrl":"https:\/\/pp66.hu\/wp-content\/uploads\/2023\/06\/logo4-1.png","width":350,"height":100,"caption":"Pannon Pakk 66 Kft."},"image":{"@id":"https:\/\/pp66.hu\/#\/schema\/logo\/image\/"}}]}},"_links":{"self":[{"href":"https:\/\/pp66.hu\/en\/wp-json\/wp\/v2\/pages\/493","targetHints":{"allow":["GET"]}}],"collection":[{"href":"https:\/\/pp66.hu\/en\/wp-json\/wp\/v2\/pages"}],"about":[{"href":"https:\/\/pp66.hu\/en\/wp-json\/wp\/v2\/types\/page"}],"author":[{"embeddable":true,"href":"https:\/\/pp66.hu\/en\/wp-json\/wp\/v2\/users\/3"}],"replies":[{"embeddable":true,"href":"https:\/\/pp66.hu\/en\/wp-json\/wp\/v2\/comments?post=493"}],"version-history":[{"count":19,"href":"https:\/\/pp66.hu\/en\/wp-json\/wp\/v2\/pages\/493\/revisions"}],"predecessor-version":[{"id":810,"href":"https:\/\/pp66.hu\/en\/wp-json\/wp\/v2\/pages\/493\/revisions\/810"}],"wp:attachment":[{"href":"https:\/\/pp66.hu\/en\/wp-json\/wp\/v2\/media?parent=493"}],"curies":[{"name":"wp","href":"https:\/\/api.w.org\/{rel}","templated":true}]}}