{"id":547,"date":"2023-07-28T15:07:59","date_gmt":"2023-07-28T13:07:59","guid":{"rendered":"https:\/\/pp66.hu\/?page_id=547"},"modified":"2023-07-28T15:11:54","modified_gmt":"2023-07-28T13:11:54","slug":"afsz","status":"publish","type":"page","link":"https:\/\/pp66.hu\/en\/afsz\/","title":{"rendered":"\u00c1FSZ"},"content":{"rendered":"<div data-elementor-type=\"wp-page\" data-elementor-id=\"547\" class=\"elementor elementor-547\" data-elementor-post-type=\"page\">\n\t\t\t\t\t\t<section class=\"elementor-section elementor-top-section elementor-element elementor-element-a275956 elementor-section-boxed elementor-section-height-default elementor-section-height-default\" data-id=\"a275956\" data-element_type=\"section\">\n\t\t\t\t\t\t<div class=\"elementor-container elementor-column-gap-default\">\n\t\t\t\t\t<div class=\"elementor-column elementor-col-100 elementor-top-column elementor-element elementor-element-acad357\" data-id=\"acad357\" data-element_type=\"column\">\n\t\t\t<div class=\"elementor-widget-wrap elementor-element-populated\">\n\t\t\t\t\t\t<div class=\"elementor-element elementor-element-7d275da elementor-widget__width-initial elementor-widget elementor-widget-heading\" data-id=\"7d275da\" data-element_type=\"widget\" data-widget_type=\"heading.default\">\n\t\t\t\t<div class=\"elementor-widget-container\">\n\t\t\t<h2 class=\"elementor-heading-title elementor-size-default\">Az \u00c1ltal\u00e1nos Szerz\u0151d\u00e9si Felt\u00e9telek a Pannon Pakk 66 Kft. \u00e1ltal v\u00e9gzett \u00f6sszes tev\u00e9kenys\u00e9gre kiterjednek.<\/h2>\t\t<\/div>\n\t\t\t\t<\/div>\n\t\t\t\t\t<\/div>\n\t\t<\/div>\n\t\t\t\t\t<\/div>\n\t\t<\/section>\n\t\t\t\t<section class=\"elementor-section elementor-top-section elementor-element elementor-element-4f2d19d elementor-section-boxed elementor-section-height-default elementor-section-height-default\" data-id=\"4f2d19d\" data-element_type=\"section\">\n\t\t\t\t\t\t<div class=\"elementor-container elementor-column-gap-default\">\n\t\t\t\t\t<div class=\"elementor-column elementor-col-100 elementor-top-column elementor-element elementor-element-9f11bf9\" data-id=\"9f11bf9\" data-element_type=\"column\">\n\t\t\t<div class=\"elementor-widget-wrap elementor-element-populated\">\n\t\t\t\t\t\t<div class=\"elementor-element elementor-element-369182d elementor-widget elementor-widget-text-editor\" data-id=\"369182d\" data-element_type=\"widget\" data-widget_type=\"text-editor.default\">\n\t\t\t\t<div class=\"elementor-widget-container\">\n\t\t\t\t\t\t\t<p><strong>1.\u00a0\u00a0\u00a0\u00a0\u00a0<\/strong><strong>Szolg\u00e1ltat\u00f3<\/strong><\/p><p>1.1.\u00a0\u00a0 Szolg\u00e1ltat\u00f3 v\u00e1llalja, hogy a megrendelt szolg\u00e1ltat\u00e1st az egyeztetett felt\u00e9telek mellett (helysz\u00edn, id\u0151pont, \u00e1ru stb.) marad\u00e9ktalanul teljes\u00edti.<\/p><p>1.2.\u00a0\u00a0 Szolg\u00e1ltat\u00f3 v\u00e1llalja, hogy a szolg\u00e1ltat\u00e1s teljes\u00edt\u00e9s\u00e9hez megfelel\u0151 er\u0151forr\u00e1st biztos\u00edt.<\/p><p>1.3.\u00a0\u00a0 A szolg\u00e1ltat\u00e1s teljes\u00edt\u00e9s\u00e9nek akad\u00e1lyoztat\u00e1sa eset\u00e9n Szolg\u00e1ltat\u00f3 Megrendel\u0151t halad\u00e9ktalanul \u00e9rtes\u00edti.<\/p><p>1.4.\u00a0\u00a0 A Szolg\u00e1ltat\u00f3 k\u00f6teles a Megrendel\u0151 utas\u00edt\u00e1sait k\u00f6vetni. A Szolg\u00e1ltat\u00f3 k\u00f6teles azonban megtagadni a Megrendel\u0151 utas\u00edt\u00e1s\u00e1nak teljes\u00edt\u00e9s\u00e9t, ha annak v\u00e9grehajt\u00e1s\u00e1val m\u00e1sok szem\u00e9ly\u00e9t vesz\u00e9lyeztetn\u00e9, megk\u00e1ros\u00edtan\u00e1 m\u00e1sok vagyon\u00e1t, vagy a t\u00f6rv\u00e9nyi el\u0151\u00edr\u00e1sokat s\u00e9rten\u00e9.<\/p><p><strong>2.\u00a0\u00a0\u00a0\u00a0\u00a0<\/strong><strong>Megrendel\u0151<\/strong><\/p><p>2.1.\u00a0\u00a0 Megrendel\u0151 v\u00e1llalja, hogy az aj\u00e1nlatk\u00e9r\u00e9s sor\u00e1n minden olyan t\u00e9nyez\u0151t ismertet a Szolg\u00e1ltat\u00f3val, melyek a szolg\u00e1ltat\u00e1s teljes\u00edt\u00e9s\u00e9t befoly\u00e1solj\u00e1k, az ig\u00e9nyelt szolg\u00e1ltat\u00e1st pontosan hat\u00e1rozza meg.<\/p><p>2.2.\u00a0\u00a0 A megfelel\u0151 t\u00e1j\u00e9koztat\u00e1s elmulaszt\u00e1sa eset\u00e9n Megrendel\u0151 v\u00e1llalja, hogy a t\u00f6bbletszolg\u00e1ltat\u00e1sb\u00f3l ad\u00f3d\u00f3 k\u00f6lts\u00e9get haszonnal n\u00f6velve megt\u00e9r\u00edti Szolg\u00e1ltat\u00f3 r\u00e9sz\u00e9re, illetve Szolg\u00e1ltat\u00f3 nem k\u00f6teles elv\u00e9gezni a t\u00f6bbletszolg\u00e1ltat\u00e1st.<\/p><p>2.3.\u00a0\u00a0 A k\u00f6vetkez\u0151 param\u00e9terekr\u0151l val\u00f3 pontatlan t\u00e1j\u00e9koztat\u00e1s az \u00e1r v\u00e1ltoztat\u00e1s\u00e1t, vagy a szolg\u00e1ltat\u00e1s megtagad\u00e1s\u00e1t vonhatja maga ut\u00e1n: sz\u00e1ll\u00edt\u00e1si helysz\u00ednek pontos c\u00edme; emeletek; lifthaszn\u00e1lat lehet\u0151s\u00e9ge; bej\u00e1rat megk\u00f6zel\u00edthet\u0151s\u00e9ge teheraut\u00f3val; \u00e1ru, ing\u00f3s\u00e1gok m\u00e9ret\u00e9nek, s\u00faly\u00e1nak mennyis\u00e9g\u00e9nek pontos adatai.<\/p><p>2.4.\u00a0\u00a0 Az \u00e1ru, ing\u00f3s\u00e1gok biztons\u00e1gos csomagol\u00e1sa, sz\u00e1ll\u00edt\u00e1shoz val\u00f3 el\u0151k\u00e9sz\u00edt\u00e9se a Megrendel\u0151 feladata, de ezt a szolg\u00e1ltat\u00e1s ig\u00e9ny \u00e9s el\u0151zetes egyeztet\u00e9s eset\u00e9n tartalmazhatja.<\/p><p>2.5.\u00a0\u00a0 Megrendel\u0151 k\u00f6teles a szolg\u00e1ltat\u00e1s lebonyol\u00edt\u00e1s\u00e1hoz esetlegesen sz\u00fcks\u00e9ges okm\u00e1nyokat \u00e9s hat\u00f3s\u00e1gi enged\u00e9lyeket \u00e1tadni. Mindaddig, am\u00edg a Megrendel\u0151 e k\u00f6telezetts\u00e9g\u00e9nek nem tesz eleget, a Szolg\u00e1ltat\u00f3 az \u00e1ru \u00e1tv\u00e9tel\u00e9t megtagadhatja.<\/p><p><strong>3.\u00a0\u00a0\u00a0\u00a0\u00a0<\/strong><strong>Lemond\u00e1si felt\u00e9telek<\/strong><\/p><p>3.1.\u00a0\u00a0 Megrendel\u0151 indokl\u00e1s n\u00e9lk\u00fcl el\u00e1llhat a megrendelt szolg\u00e1ltat\u00e1st\u00f3l.<\/p><p>3.2.\u00a0\u00a0 A megrendelt szolg\u00e1ltat\u00e1s lemond\u00e1s\u00e1t Megrendel\u0151 \u00edr\u00e1sban k\u00f6teles k\u00f6z\u00f6lni a Szolg\u00e1ltat\u00f3val.<\/p><p>3.3.\u00a0\u00a0 A lemond\u00e1s ut\u00e1n Szolg\u00e1ltat\u00f3 anyagi k\u00f6vetel\u00e9st nem t\u00e1maszt, ha a lemond\u00e1s t\u00f6bb mint 72 \u00f3r\u00e1val a teljes\u00edt\u00e9s tervezett kezd\u00e9se el\u0151tt t\u00f6rt\u00e9nik.<\/p><p>3.4.\u00a0\u00a0 Ha a lemond\u00e1s kevesebb, mint 72 \u00f3r\u00e1val a teljes\u00edt\u00e9s tervezett kezd\u00e9se el\u0151tt t\u00f6rt\u00e9nik, Szolg\u00e1ltat\u00f3 az aj\u00e1nlott \u00e1r 40%-\u00e1nak megfelel\u0151 anyagi k\u00f6vetel\u00e9ssel \u00e9lhet Megrendel\u0151 fel\u00e9.<\/p><p>3.5.\u00a0\u00a0 Ha a szolg\u00e1ltat\u00e1s lemond\u00e1s\u00e1nak eredm\u00e9nyek\u00e9nt Szolg\u00e1ltat\u00f3t, vagy a szolg\u00e1ltat\u00e1sban \u00e9rintetteket anyagi h\u00e1tr\u00e1ny \u00e9ri, Megrendel\u0151 k\u00f6teles az anyagi k\u00e1rt haszonnal n\u00f6velve megt\u00e9r\u00edteni a lemond\u00e1s idej\u00e9t\u0151l f\u00fcggetlen\u00fcl (p\u00e9ld\u00e1ul: r\u00e9szfuvar).<\/p><p><strong>4.\u00a0\u00a0\u00a0\u00a0\u00a0<\/strong><strong>Egy\u00e9b felt\u00e9telek<\/strong><\/p><p>4.1.\u00a0\u00a0 Vis Maior miatt felmer\u00fcl\u0151 akad\u00e1lyoztat\u00e1s eset\u00e9n felel\u0151ss\u00e9get nem v\u00e1llalunk.<\/p><p>4.2.\u00a0\u00a0 A vit\u00e1s k\u00e9rd\u00e9sek eld\u00f6nt\u00e9se \u00e9rdek\u00e9ben a Szegedi V\u00e1rosi B\u00edr\u00f3s\u00e1got jel\u00f6lj\u00fck meg.<\/p><p>4.3.\u00a0\u00a0 A jelen felsorol\u00e1sban nem szab\u00e1lyozott k\u00e9rd\u00e9sekben a Polg\u00e1ri T\u00f6rv\u00e9nyk\u00f6nyv szab\u00e1lyai az ir\u00e1nyad\u00f3k.<\/p>\t\t\t\t\t\t<\/div>\n\t\t\t\t<\/div>\n\t\t\t\t\t<\/div>\n\t\t<\/div>\n\t\t\t\t\t<\/div>\n\t\t<\/section>\n\t\t\t\t<\/div>","protected":false},"excerpt":{"rendered":"<p>Az \u00c1ltal\u00e1nos Szerz\u0151d\u00e9si Felt\u00e9telek a Pannon Pakk 66 Kft. \u00e1ltal v\u00e9gzett \u00f6sszes tev\u00e9kenys\u00e9gre kiterjednek. 1.\u00a0\u00a0\u00a0\u00a0\u00a0Szolg\u00e1ltat\u00f3 1.1.\u00a0\u00a0 Szolg\u00e1ltat\u00f3 v\u00e1llalja, hogy a megrendelt szolg\u00e1ltat\u00e1st az egyeztetett felt\u00e9telek mellett (helysz\u00edn, id\u0151pont, \u00e1ru stb.) marad\u00e9ktalanul teljes\u00edti. 1.2.\u00a0\u00a0 Szolg\u00e1ltat\u00f3 v\u00e1llalja, hogy a szolg\u00e1ltat\u00e1s teljes\u00edt\u00e9s\u00e9hez megfelel\u0151 er\u0151forr\u00e1st biztos\u00edt. 1.3.\u00a0\u00a0 A szolg\u00e1ltat\u00e1s teljes\u00edt\u00e9s\u00e9nek akad\u00e1lyoztat\u00e1sa eset\u00e9n Szolg\u00e1ltat\u00f3 Megrendel\u0151t halad\u00e9ktalanul \u00e9rtes\u00edti. 1.4.\u00a0\u00a0 A Szolg\u00e1ltat\u00f3 [&hellip;]<\/p>","protected":false},"author":3,"featured_media":0,"parent":0,"menu_order":0,"comment_status":"closed","ping_status":"closed","template":"","meta":{"footnotes":""},"class_list":["post-547","page","type-page","status-publish","hentry"],"yoast_head":"<!-- This site is optimized with the Yoast SEO plugin v23.6 - https:\/\/yoast.com\/wordpress\/plugins\/seo\/ -->\n<title>\u00c1FSZ - Pannon Pakk 66 Kft.<\/title>\n<meta name=\"robots\" content=\"noindex, follow, max-snippet:-1, max-image-preview:large, max-video-preview:-1\" \/>\n<meta property=\"og:locale\" content=\"en_GB\" \/>\n<meta property=\"og:type\" content=\"article\" \/>\n<meta property=\"og:title\" content=\"\u00c1FSZ - Pannon Pakk 66 Kft.\" \/>\n<meta property=\"og:description\" content=\"Az \u00c1ltal\u00e1nos Szerz\u0151d\u00e9si Felt\u00e9telek a Pannon Pakk 66 Kft. \u00e1ltal v\u00e9gzett \u00f6sszes tev\u00e9kenys\u00e9gre kiterjednek. 1.\u00a0\u00a0\u00a0\u00a0\u00a0Szolg\u00e1ltat\u00f3 1.1.\u00a0\u00a0 Szolg\u00e1ltat\u00f3 v\u00e1llalja, hogy a megrendelt szolg\u00e1ltat\u00e1st az egyeztetett felt\u00e9telek mellett (helysz\u00edn, id\u0151pont, \u00e1ru stb.) marad\u00e9ktalanul teljes\u00edti. 1.2.\u00a0\u00a0 Szolg\u00e1ltat\u00f3 v\u00e1llalja, hogy a szolg\u00e1ltat\u00e1s teljes\u00edt\u00e9s\u00e9hez megfelel\u0151 er\u0151forr\u00e1st biztos\u00edt. 1.3.\u00a0\u00a0 A szolg\u00e1ltat\u00e1s teljes\u00edt\u00e9s\u00e9nek akad\u00e1lyoztat\u00e1sa eset\u00e9n Szolg\u00e1ltat\u00f3 Megrendel\u0151t halad\u00e9ktalanul \u00e9rtes\u00edti. 1.4.\u00a0\u00a0 A Szolg\u00e1ltat\u00f3 [&hellip;]\" \/>\n<meta property=\"og:url\" content=\"https:\/\/pp66.hu\/en\/afsz\/\" \/>\n<meta property=\"og:site_name\" content=\"Pannon Pakk 66 Kft.\" \/>\n<meta property=\"article:modified_time\" content=\"2023-07-28T13:11:54+00:00\" \/>\n<meta name=\"twitter:card\" content=\"summary_large_image\" \/>\n<meta name=\"twitter:label1\" content=\"Estimated reading time\" \/>\n\t<meta name=\"twitter:data1\" content=\"2 minutes\" \/>\n<script type=\"application\/ld+json\" class=\"yoast-schema-graph\">{\"@context\":\"https:\/\/schema.org\",\"@graph\":[{\"@type\":\"WebPage\",\"@id\":\"https:\/\/pp66.hu\/afsz\/\",\"url\":\"https:\/\/pp66.hu\/afsz\/\",\"name\":\"\u00c1FSZ - Pannon Pakk 66 Kft.\",\"isPartOf\":{\"@id\":\"https:\/\/pp66.hu\/#website\"},\"datePublished\":\"2023-07-28T13:07:59+00:00\",\"dateModified\":\"2023-07-28T13:11:54+00:00\",\"breadcrumb\":{\"@id\":\"https:\/\/pp66.hu\/afsz\/#breadcrumb\"},\"inLanguage\":\"en-GB\",\"potentialAction\":[{\"@type\":\"ReadAction\",\"target\":[\"https:\/\/pp66.hu\/afsz\/\"]}]},{\"@type\":\"BreadcrumbList\",\"@id\":\"https:\/\/pp66.hu\/afsz\/#breadcrumb\",\"itemListElement\":[{\"@type\":\"ListItem\",\"position\":1,\"name\":\"Kezd\u0151lap\",\"item\":\"https:\/\/pp66.hu\/\"},{\"@type\":\"ListItem\",\"position\":2,\"name\":\"\u00c1FSZ\"}]},{\"@type\":\"WebSite\",\"@id\":\"https:\/\/pp66.hu\/#website\",\"url\":\"https:\/\/pp66.hu\/\",\"name\":\"Pannon Pakk 66 Kft.\",\"description\":\"K\u00f6lt\u00f6ztet\u00e9s - B\u00fatorsz\u00e1ll\u00edt\u00e1s - Rakt\u00e1roz\u00e1s - Szeged\",\"publisher\":{\"@id\":\"https:\/\/pp66.hu\/#organization\"},\"potentialAction\":[{\"@type\":\"SearchAction\",\"target\":{\"@type\":\"EntryPoint\",\"urlTemplate\":\"https:\/\/pp66.hu\/?s={search_term_string}\"},\"query-input\":{\"@type\":\"PropertyValueSpecification\",\"valueRequired\":true,\"valueName\":\"search_term_string\"}}],\"inLanguage\":\"en-GB\"},{\"@type\":\"Organization\",\"@id\":\"https:\/\/pp66.hu\/#organization\",\"name\":\"Pannon Pakk 66 Kft.\",\"url\":\"https:\/\/pp66.hu\/\",\"logo\":{\"@type\":\"ImageObject\",\"inLanguage\":\"en-GB\",\"@id\":\"https:\/\/pp66.hu\/#\/schema\/logo\/image\/\",\"url\":\"https:\/\/pp66.hu\/wp-content\/uploads\/2023\/06\/logo4-1.png\",\"contentUrl\":\"https:\/\/pp66.hu\/wp-content\/uploads\/2023\/06\/logo4-1.png\",\"width\":350,\"height\":100,\"caption\":\"Pannon Pakk 66 Kft.\"},\"image\":{\"@id\":\"https:\/\/pp66.hu\/#\/schema\/logo\/image\/\"}}]}<\/script>\n<!-- \/ Yoast SEO plugin. -->","yoast_head_json":{"title":"\u00c1FSZ - Pannon Pakk 66 Kft.","robots":{"index":"noindex","follow":"follow","max-snippet":"max-snippet:-1","max-image-preview":"max-image-preview:large","max-video-preview":"max-video-preview:-1"},"og_locale":"en_GB","og_type":"article","og_title":"\u00c1FSZ - Pannon Pakk 66 Kft.","og_description":"Az \u00c1ltal\u00e1nos Szerz\u0151d\u00e9si Felt\u00e9telek a Pannon Pakk 66 Kft. \u00e1ltal v\u00e9gzett \u00f6sszes tev\u00e9kenys\u00e9gre kiterjednek. 1.\u00a0\u00a0\u00a0\u00a0\u00a0Szolg\u00e1ltat\u00f3 1.1.\u00a0\u00a0 Szolg\u00e1ltat\u00f3 v\u00e1llalja, hogy a megrendelt szolg\u00e1ltat\u00e1st az egyeztetett felt\u00e9telek mellett (helysz\u00edn, id\u0151pont, \u00e1ru stb.) marad\u00e9ktalanul teljes\u00edti. 1.2.\u00a0\u00a0 Szolg\u00e1ltat\u00f3 v\u00e1llalja, hogy a szolg\u00e1ltat\u00e1s teljes\u00edt\u00e9s\u00e9hez megfelel\u0151 er\u0151forr\u00e1st biztos\u00edt. 1.3.\u00a0\u00a0 A szolg\u00e1ltat\u00e1s teljes\u00edt\u00e9s\u00e9nek akad\u00e1lyoztat\u00e1sa eset\u00e9n Szolg\u00e1ltat\u00f3 Megrendel\u0151t halad\u00e9ktalanul \u00e9rtes\u00edti. 1.4.\u00a0\u00a0 A Szolg\u00e1ltat\u00f3 [&hellip;]","og_url":"https:\/\/pp66.hu\/en\/afsz\/","og_site_name":"Pannon Pakk 66 Kft.","article_modified_time":"2023-07-28T13:11:54+00:00","twitter_card":"summary_large_image","twitter_misc":{"Estimated reading time":"2 minutes"},"schema":{"@context":"https:\/\/schema.org","@graph":[{"@type":"WebPage","@id":"https:\/\/pp66.hu\/afsz\/","url":"https:\/\/pp66.hu\/afsz\/","name":"\u00c1FSZ - Pannon Pakk 66 Kft.","isPartOf":{"@id":"https:\/\/pp66.hu\/#website"},"datePublished":"2023-07-28T13:07:59+00:00","dateModified":"2023-07-28T13:11:54+00:00","breadcrumb":{"@id":"https:\/\/pp66.hu\/afsz\/#breadcrumb"},"inLanguage":"en-GB","potentialAction":[{"@type":"ReadAction","target":["https:\/\/pp66.hu\/afsz\/"]}]},{"@type":"BreadcrumbList","@id":"https:\/\/pp66.hu\/afsz\/#breadcrumb","itemListElement":[{"@type":"ListItem","position":1,"name":"Kezd\u0151lap","item":"https:\/\/pp66.hu\/"},{"@type":"ListItem","position":2,"name":"\u00c1FSZ"}]},{"@type":"WebSite","@id":"https:\/\/pp66.hu\/#website","url":"https:\/\/pp66.hu\/","name":"Pannon Pakk 66 Kft.","description":"K\u00f6lt\u00f6ztet\u00e9s - B\u00fatorsz\u00e1ll\u00edt\u00e1s - Rakt\u00e1roz\u00e1s - Szeged","publisher":{"@id":"https:\/\/pp66.hu\/#organization"},"potentialAction":[{"@type":"SearchAction","target":{"@type":"EntryPoint","urlTemplate":"https:\/\/pp66.hu\/?s={search_term_string}"},"query-input":{"@type":"PropertyValueSpecification","valueRequired":true,"valueName":"search_term_string"}}],"inLanguage":"en-GB"},{"@type":"Organization","@id":"https:\/\/pp66.hu\/#organization","name":"Pannon Pakk 66 Kft.","url":"https:\/\/pp66.hu\/","logo":{"@type":"ImageObject","inLanguage":"en-GB","@id":"https:\/\/pp66.hu\/#\/schema\/logo\/image\/","url":"https:\/\/pp66.hu\/wp-content\/uploads\/2023\/06\/logo4-1.png","contentUrl":"https:\/\/pp66.hu\/wp-content\/uploads\/2023\/06\/logo4-1.png","width":350,"height":100,"caption":"Pannon Pakk 66 Kft."},"image":{"@id":"https:\/\/pp66.hu\/#\/schema\/logo\/image\/"}}]}},"_links":{"self":[{"href":"https:\/\/pp66.hu\/en\/wp-json\/wp\/v2\/pages\/547","targetHints":{"allow":["GET"]}}],"collection":[{"href":"https:\/\/pp66.hu\/en\/wp-json\/wp\/v2\/pages"}],"about":[{"href":"https:\/\/pp66.hu\/en\/wp-json\/wp\/v2\/types\/page"}],"author":[{"embeddable":true,"href":"https:\/\/pp66.hu\/en\/wp-json\/wp\/v2\/users\/3"}],"replies":[{"embeddable":true,"href":"https:\/\/pp66.hu\/en\/wp-json\/wp\/v2\/comments?post=547"}],"version-history":[{"count":4,"href":"https:\/\/pp66.hu\/en\/wp-json\/wp\/v2\/pages\/547\/revisions"}],"predecessor-version":[{"id":552,"href":"https:\/\/pp66.hu\/en\/wp-json\/wp\/v2\/pages\/547\/revisions\/552"}],"wp:attachment":[{"href":"https:\/\/pp66.hu\/en\/wp-json\/wp\/v2\/media?parent=547"}],"curies":[{"name":"wp","href":"https:\/\/api.w.org\/{rel}","templated":true}]}}